{"id":78,"date":"2018-04-25T12:16:37","date_gmt":"2018-04-25T10:16:37","guid":{"rendered":"http:\/\/blogs.hec.uliege.be\/~seminarwp\/?page_id=78"},"modified":"2018-04-25T12:16:37","modified_gmt":"2018-04-25T10:16:37","slug":"2012-2013","status":"publish","type":"page","link":"http:\/\/seminar.hec.ulg.ac.be\/index.php\/agenda\/2012-2013\/","title":{"rendered":"2012-2013"},"content":{"rendered":"<h1>Research Seminar 2012-2013<\/h1>\n<p><strong>Titles, abstracts and documents :<\/strong><\/p>\n<ul>\n<li><strong>June 2013, Monday 24 (02:00 pm):<\/strong>\u00a0Minimizing Greenhouse Emissions in Vehicle Routing by Gilbert Laporte (Canada Research Chair in Distribution Management, HEC Montr\u00e9al) (N1 &#8211; Rue Louvrex 14, 4000 Li\u00e8ge)<br \/>\n<blockquote><p><strong>Abstract :\u00a0<\/strong>The Vehicle Routing Problem holds a central place in distribution management. In the classical version of the problem the aim is to distribute goods to a set of geographically dispersed customers under a cost minimization objective and various side constraints. In recent years a number of researchers have started investigating the joint minimization of cost and greenhouse emissions in vehicle routing, giving rise to the so-called \u00ab\u00a0Pollution-Routing Problem\u00a0\u00bb. Whereas cost depends primarily on distance travelled, emissions are a function of distance, vehicle load, speed and a variety of other factors. The aim of this talk is to describe recent research results in this context.<\/p><\/blockquote>\n<\/li>\n<li><strong>June 2013, Thursday 13 :<\/strong>\u00a0Stochastic Optimization in Multi-Periods Transportation Problems by Thierry Pironet (HEC-ULg) (N1, room 334, 09:30am)<br \/>\n<blockquote><p><strong>Abstract :\u00a0<\/strong>Transportation problems are usually formalized as independent single period deterministic models (VRP-PDP) while they are mostly stochastic, subsequent and multi-periods in nature even if the decision process is daily performed. Some on-line, time-dependent, periodic or dynamic settings are now addressed requiring some distinctions among themselves. On the other hand, stochastic optimization techniques such as stochastic programming allow us to tackle some ranges of problems (2 or multi stages problems, continuous variables, convex recourse function, continuous distribution law), yet if we consider reality such as a rolling horizon problem with integer-binary variables and highly discrete distribution law there is still a gap to fill in optimization techniques. Transportation problems often belongs to this family of here or there, yes or no, now-tomorrow or never decision problems. So, our first aim is to show the economic benefit for a company to deal with the approximated multi-periods stochastic model instead of its deterministic mono-period caricature. The second aim is to provide a methodological procedure and a toolbox of algorithms to deal with the hard stochastic optimization and its numerical statistical validation. Finally, we discuss the robustness of the procedures when the distribution law is different from the expected one.<\/p><\/blockquote>\n<\/li>\n<li><strong>April 2013, Friday 12:<\/strong>\u00a0<a href=\"http:\/\/www.seminar.hec.ulg.ac.be\/docs\/sem_12_04_2013_habibou.pdf\">Etude empirique de la dynamique de la relation du volume des transactions, du rendement et de la volatilit\u00e9 dans les march\u00e9s des pays \u00e9mergents et moins d\u00e9velopp\u00e9s d&rsquo;Afrique\u00a0<\/a>by Habibou Woroucoubou (PhD Student, HEC-ULg) (N2, room 0\/76, 12:00 noon)<br \/>\n<blockquote><p><strong>Abstract :\u00a0<\/strong>Cet article examine la relation entre le volume des transactions et le rendement dans huit march\u00e9s boursiers des pays d\u2019Afrique, en utilisant les donn\u00e9es journali\u00e8res du volume des transactions et du rendement des indices des actions de la p\u00e9riode de f\u00e9vrier 2004 \u00e0 novembre 2012. L&rsquo;analyse empirique bas\u00e9e sur le mod\u00e8le autor\u00e9gressif \u00e0 h\u00e9t\u00e9rosc\u00e9dasticit\u00e9 conditionnelle g\u00e9n\u00e9ralis\u00e9e (GARCH) r\u00e9v\u00e8le une relation contemporaine positive entre le volume des transactions et le rendement pour les march\u00e9s de l\u2019Egypte, du Maroc et du Kenya. Ce qui soutient l\u2019hypoth\u00e8se de m\u00e9lange de distribution et l\u2019hypoth\u00e8se d\u2019arriv\u00e9e s\u00e9quentielle de l\u2019information pour ces march\u00e9s. Les rendements des indices sur les march\u00e9s de ces huit pays sont caract\u00e9ris\u00e9s par la persistance et le regroupement de volatilit\u00e9, ce qui viole l\u2019hypoth\u00e8se d\u2019efficience de forme faible dans ces march\u00e9s. Toutefois, l\u2019inclusion du volume dans l\u2019\u00e9quation de la variance conditionnelle, montre une r\u00e9duction sensible de la persistance de la volatilit\u00e9, mais ne fait pas disparaitre l\u2019effet GARCH, ce qui apporte un faible soutien \u00e0 l\u2019hypoth\u00e8se de m\u00e9lange de distribution des informations dans ces march\u00e9s. La prise en compte de l\u2019asym\u00e9trie par l\u2019estimation du mod\u00e8le EGARCH montre qu\u2019il y a pr\u00e9sence d\u2019effet de levier pour les march\u00e9s de l\u2019Afrique du sud, de l\u2019Egypte et du Nig\u00e9ria, par contre pour les autres march\u00e9s, il n\u2019y a pas d\u2019effet de levier. Par ailleurs, une causalit\u00e9 unidirectionnelle allant du rendement au volume a \u00e9t\u00e9 observ\u00e9e au niveau des march\u00e9s du Maroc, de l\u2019Egypte, du Nig\u00e9ria, du Botswana et de l\u2019Ile Maurice. Par contre, au niveau du Kenya la causalit\u00e9 va du volume au rendement. Pour les march\u00e9s de l\u2019Afrique du Sud et de l\u2019UEMOA2, aucune causalit\u00e9 n\u2019a \u00e9t\u00e9 constat\u00e9e.<\/p><\/blockquote>\n<\/li>\n<li><strong>March 2013, Monday 11:<\/strong>\u00a02D Rectangular Cutting and Packing Problems: all the same or all different? by Prof. Jos\u00e9 F. Oliveira (University of Porto, Portugal) (N1, room 035,09:30 am)<br \/>\n<blockquote><p><strong>Abstract :\u00a0<\/strong>There are many optimization problems dealing with the cutting of rectangles from larger rectangular pieces. These problems appear in literature, but under a very diverse set of names. Designations as, for instance, cutting stock, bin packing, rectangular packing, rectangular cutting, pallet loading, are common. Sometimes the same designation is even used for obviously different problems. But do these designations really correspond to different problems, in the sense that they must be solved with different resolution approaches? In this talk we will go through the different 2D rectangular cutting and packing problems, highlighting the differences among several classes of problems and exemplifying some resolution approaches, both (meta)heuristic and exact. Some conclusions about the computational experiments and test instances used in those experiments will also be drawn.<\/p><\/blockquote>\n<\/li>\n<li><strong>February 2013, Monday 25:\u00a0<\/strong>New issues for the goodness-of-fit tests of the error distribution in Finance : a comparison between Sinh-arcsinh and Generalized Hyperbolic distributions by Julien Hambuckers(ULg). (N1, room 315,11:30 am)<br \/>\n<blockquote><p><strong>Abstract :\u00a0<\/strong>Since 2008, the financial crisis shows the limits of the current risk models, in particular for Value-at-Risk (VaR) predictions. In this article, we consider a multiplicative heteroskedastic structure of fiancial returns and we propose a non-conventional methodology to study new issues concerning the goodness-of-fit tests of the error distribution in finance. More precisely, we use different estimation and model selection procedures (Berk-Jones (1978) tests, Sarno and Valente (2004) hypothesis testing, Diks et al. (2011) weighting method), based on the local adaptive volatility estimator (LAVE) of Mercurio and Spokoiny (2004) and the bootstrap methodology, to solve the problem of heteroskedasticity and to compare the fit performances of candidate density functions with a focus on the tail. In particular, we introduce the sinh-arcsinh (SHASH) distributions (Jones and Pewsey, 2009) and we show that this family of density functions provides better bootstrap version of the integrated mean squared error (IMSE) and better weighted Kullback-Leibler distances than the HYP and NIG density functions, on five stock indexes datasets, indicating that the SHASH functions are suitable candidates for VaR models.<br \/>\nJoint work with C. Heuchenne.<\/p><\/blockquote>\n<\/li>\n<li><strong>January 2013, Monday 21:\u00a0<\/strong>A location-inventory model for large three-level supply chains by Prof. Jean-S\u00e9bastien Tancrez from Louvain School of Management (Universit\u00e9 catholique de Louvain). (N1, room 311,02:00 pm)<br \/>\n<blockquote><p><strong>Abstract :\u00a0<\/strong>We study the location-inventory problem in three-level supply networks. Our model integrates three decisions: the distribution centers location, flows allocation, and shipment sizes. We propose a nonlinear continuous formulation, including transportation, fixed, handling and holding costs, which decomposes into a closed-form equation and a linear program when the DC flows are fixed. We thus develop an iterative heuristic that estimates the DC flows a priori, solves the linear program, and then improves the DC flow estimations. Extensive numerical experiments show that the approach can design large supply networks both effectively and efficiently, and a case study is discussed.<br \/>\nJoint work with Jean-Charles Lange and Pierre Semal.<\/p><\/blockquote>\n<\/li>\n<li><strong>December 2012, Tuesday 11:\u00a0<\/strong>Metaheuristics &#8211; the metaphor exposed by Prof. dr. Kenneth S\u00f6rensen (University of Antwerp) (N1, room 311,10:30 am)<br \/>\n<blockquote><p><strong>Abstract :\u00a0<\/strong>In recent years, the field of combinatorial optimization has witnessed a true tsunami of \u00ab\u00a0novel\u00a0\u00bb metaheuristic methods, most of them based on a metaphor of some natural or man-made process. The behavior of virtually any species of insects, the flow of water, musicians playing together &#8212; it seems that no idea is too far-fetched to serve as inspiration to launch yet another metaheuristic. In this talk we will argue that this line of research is threatening to lead the area of metaheuristics away from scientific rigour. We will examine the historical context that gave rise to the increasing use of metaphors as inspiration and justification for the development of new methods, discuss the reasons for the vulnerability of the metaheuristics field to this line of research, and point out its fallacies. At the same time, truly innovative research of high quality is being performed as well. We conclude the talk by discussing some of the properties of this research and by pointing out some of the most promising research avenues for the field of metaheuristics.<\/p><\/blockquote>\n<\/li>\n<li><strong>November 2012, Tuesday 27:\u00a0<\/strong>Disaster Mitigation and Humanitarian Relief Logistics, by Dr. Alper D\u00f6yen (University of Liege) (N1, room 311, 10:30am-12:00pm)<br \/>\n<blockquote><p><strong>Abstract :\u00a0<\/strong>We are interested in two distinct problems within the disaster management context. These problems are modeled as two-stage stochastic integer programs since stochasticity is inherent in natural disasters. First, we consider a humanitarian relief logistics model which can be used as a pre-disaster planning tool that also considers post-disaster decisions to give an effective response aftermath an earthquake. In this model, decisions are made for location of pre- and post-disaster rescue centers, the amount of relief items to be stocked at the pre-disaster rescue centers, the amount of relief item flows at each echelon, and the amount of relief item shortage. The objective is to minimize the total cost of facility location, inventory holding, transportation, and shortage. Since building and transportation network retrofitting decisions influence the pre-disaster planning of post-disaster response decisions, we propose an integrated model that includes these retrofitting decisions as well. Model seeks to minimize the total cost of retrofitting, transportation and relief item shortage under a limited mitigation budget, which is allocated efficiently among the retrofitting alternatives. The amount of relief item demand is a decision variable that is determined according to the post-disaster damage of buildings. The deterministic equivalents of both models are mixed-integer linear programming models and they are solved by Lagrangean heuristic methods. Results on randomly generated test instances show that the proposed solution methods for both models exhibit good performance under different parameter settings. In addition, various analyses are carried out to clearly understand the model behavior and to validate the incorporation of uncertainty.<\/p><\/blockquote>\n<\/li>\n<li><strong>November 2012, Tuesday 20:\u00a0<\/strong>Calibration opportunities for activity-based travel demand models predicting passenger transport, by Pr. Mario Cools (University of Liege) (N1, room 138, 10:30am-12:00pm)<br \/>\n<blockquote><p><strong>Abstract :\u00a0<\/strong>In the field of passenger demand modeling, activity-based travel demand models are often cited as state-of-the-art models. Having many advantages over classical methods, one of the difficulties of this \u201cnew\u201d type of models is the matching of model outcomes with traffic counts observed on the network. This presentation will focus on some of the calibration opportunities in this regard, and will also formulate a critical note to these state-of-the-art models.<\/p><\/blockquote>\n<\/li>\n<li><strong>November 2012, Tuesday 13:\u00a0<\/strong><a href=\"http:\/\/www.seminar.hec.ulg.ac.be\/docs\/sem_13_10_2012_santos.pdf\">Optimization approaches applied to the strategic planning of transportation infrastructures\u00a0<\/a>by Bruno F. Santos (University of Coimbra, Portugal) (N1, room 311, 10:30am-12:00pm)<br \/>\n<blockquote><p><strong>Abstract :\u00a0<\/strong>The strategic decisions with regard to the investments in transportation infrastructures usually involve large amounts of money. Therefore, decisions should be carefully analyzed. Cost-benefit analysis, usually based on trial-and-error approaches, does not allow the full exploration of the solution space. This can only be done by using optimization techniques. This talk will give an overview of the work developed by the author on the usage of optimization approaches to solve strategic transportation investment planning problems. The different approaches will be illustrated with the application to several case studies, including the definition of national\/regional road network plans and the location of freight intermodal terminals in Belgium.<\/p><\/blockquote>\n<\/li>\n<\/ul>\n","protected":false},"excerpt":{"rendered":"<p>Research Seminar 2012-2013 Titles, abstracts and documents : June 2013, Monday 24 (02:00 pm):\u00a0Minimizing Greenhouse Emissions in Vehicle Routing by Gilbert Laporte (Canada Research Chair in Distribution Management, HEC Montr\u00e9al) (N1 &#8211; Rue Louvrex 14, 4000 Li\u00e8ge) Abstract :\u00a0The Vehicle<\/p>\n","protected":false},"author":1,"featured_media":0,"parent":21,"menu_order":0,"comment_status":"closed","ping_status":"closed","template":"","meta":{"_monsterinsights_skip_tracking":false,"_monsterinsights_sitenote_active":false,"_monsterinsights_sitenote_note":"","_monsterinsights_sitenote_category":0,"footnotes":""},"class_list":["post-78","page","type-page","status-publish","hentry"],"_links":{"self":[{"href":"http:\/\/seminar.hec.ulg.ac.be\/index.php\/wp-json\/wp\/v2\/pages\/78"}],"collection":[{"href":"http:\/\/seminar.hec.ulg.ac.be\/index.php\/wp-json\/wp\/v2\/pages"}],"about":[{"href":"http:\/\/seminar.hec.ulg.ac.be\/index.php\/wp-json\/wp\/v2\/types\/page"}],"author":[{"embeddable":true,"href":"http:\/\/seminar.hec.ulg.ac.be\/index.php\/wp-json\/wp\/v2\/users\/1"}],"replies":[{"embeddable":true,"href":"http:\/\/seminar.hec.ulg.ac.be\/index.php\/wp-json\/wp\/v2\/comments?post=78"}],"version-history":[{"count":1,"href":"http:\/\/seminar.hec.ulg.ac.be\/index.php\/wp-json\/wp\/v2\/pages\/78\/revisions"}],"predecessor-version":[{"id":79,"href":"http:\/\/seminar.hec.ulg.ac.be\/index.php\/wp-json\/wp\/v2\/pages\/78\/revisions\/79"}],"up":[{"embeddable":true,"href":"http:\/\/seminar.hec.ulg.ac.be\/index.php\/wp-json\/wp\/v2\/pages\/21"}],"wp:attachment":[{"href":"http:\/\/seminar.hec.ulg.ac.be\/index.php\/wp-json\/wp\/v2\/media?parent=78"}],"curies":[{"name":"wp","href":"https:\/\/api.w.org\/{rel}","templated":true}]}}