{"id":40,"date":"2018-04-25T12:03:18","date_gmt":"2018-04-25T10:03:18","guid":{"rendered":"http:\/\/blogs.hec.uliege.be\/~seminarwp\/?page_id=40"},"modified":"2018-04-25T12:03:18","modified_gmt":"2018-04-25T10:03:18","slug":"2007-2008","status":"publish","type":"page","link":"http:\/\/seminar.hec.ulg.ac.be\/index.php\/agenda\/2007-2008\/","title":{"rendered":"2007-2008"},"content":{"rendered":"<p align=\"center\"><span style=\"font-size: small;\"><b><span style=\"color: #ffcc66; font-family: Verdana, Arial, Helvetica, sans-serif;\">Programme 2007-2008<\/span><\/b><\/span><\/p>\n<p>&nbsp;<\/p>\n<hr \/>\n<table border=\"2\" cellspacing=\"10\" cellpadding=\"4\">\n<tbody>\n<tr>\n<td>\n<p align=\"center\">Thursday October 18, 2007 from 16h to 17h30, (315, b\u00e2t 17\u00e8me, Louvrex)<\/p>\n<p class=\"Style2\" align=\"center\">Gambit Financial Solutions<br \/>\nHEC-ULg spin-off<\/p>\n<p align=\"center\">Session 1 : Linearizing Option Returns for Portfolio and Risk Management (L.Bodson, G.H\u00fcbner)<br \/>\n<a href=\"http:\/\/www.seminar.hec.ulg.ac.be\/docs\/Sem07.10.18_Laurent_Bodson_LOR_for_PRM.pdf\">paper<\/a><br \/>\nSession 2 : Dynamic Style Analysis with Errors in Variables (L.Bodson, A.Coen, G.H\u00fcbner)<br \/>\n<a href=\"http:\/\/www.seminar.hec.ulg.ac.be\/docs\/Sem07.10.08_Laurent_Bodson_DSA_with_EIV.pdf\">paper<\/a><br \/>\nSession 3: Diversifying using Hedge Funds: An Utility-Based Approach (D.Capocci, F.Duquenne, G.H\u00fcbner)<\/p>\n<p><em>A drink has been offered to celebrate the first seminar of the 2007-2008 season<br \/>\nand the Spin-Off birth.\u00a0<\/em><\/p>\n<\/td>\n<\/tr>\n<tr>\n<td>\n<p align=\"center\">Wednesday October 24, 2007 from 13h to 14h30, (Salle du Conseil, B31, Sart Tilman)<\/p>\n<p class=\"Style2\" align=\"center\">Price discrimination bans for dominant firms<\/p>\n<p align=\"center\">Jan Bouckaert (Universiteit Antwerpen)<br \/>\n<a href=\"http:\/\/www.seminar.hec.ulg.ac.be\/docs\/Sem07.11.24_Bouckaert_Price%20discrimination%20bans%20on%20dominant%20firms.pdf\">Paper<\/a><\/p>\n<p><em>Abstract<\/em>:<br \/>\nCompetition authorities and regulatory agencies sometimes impose pricing restrictions on firms with substantial market power &#8212; \u00ab\u00a0dominant\u00a0\u00bb firms. We analyze the welfare effects of a ban on behavior-based price discriminination in a setting where the market displays a competitive and a sheltered segment. A ban on \u00ab\u00a0higher-prices-to-sheltered-consumers\u00a0\u00bb decreases prices in the sheltered segment, relaxes competition in the competitive segment, increases the rival&rsquo;s profits, and may harm the dominant firm&rsquo;s profits. Our paper shows that banning \u00ab\u00a0higher-prices-to-sheltered-consumers\u00a0\u00bb increases the dominant firm&rsquo;s share of the first-period market. A ban on \u00ab\u00a0lower-prices-to-rival&rsquo;s-customers\u00a0\u00bb decreases prices in the competitive segment, lowers rival&rsquo;s profits, and augments consumer surplus. In particular, while second-period competition is relaxed by a ban on \u00ab\u00a0lower-prices-to-rival&rsquo;s-customers\u00a0\u00bb, first-period competition intensifies substantially leading to lower prices \u00ab\u00a0on-average\u00a0\u00bb over the two periods. Our findings therefore highlight that a dynamic two-period analysis may lead to opposite conclusions as compared to a static one-period analysis.<\/td>\n<\/tr>\n<tr>\n<td>\n<p align=\"center\">Tuesday October 30, 2007 from 12h to 14h00, (Louvrex)<\/p>\n<p class=\"Style2\" align=\"center\">Insider Trading, Regulation, and the Components of the Bid-Ask Spread<\/p>\n<p align=\"center\">Bart Frijns, Nijmegen School of Management (Pays-Bas)<br \/>\net Alizera Tourani-Rad, Auckland University of Technology (Nouvelle-Z\u00e9lande).<\/p>\n<p align=\"center\"><a href=\"http:\/\/www.seminar.hec.ulg.ac.be\/docs\/Sem07.10.30_Bart_Frijns_IT%20regulations%20and%20spread.pdf\">Paper<\/a><\/p>\n<\/td>\n<\/tr>\n<tr>\n<td>\n<p align=\"center\">Wednesday November 7, 2007 at 13h, (Bat. B31, Seminaire IV)<\/p>\n<p class=\"Style2\" align=\"center\">Uncertain Lifetime, Redistribution and Nonlinear Pricing of Annuities<\/p>\n<p align=\"center\">presented by Marie-Louise Leroux (CORE, Universit\u00e9 Catholique de Louvain)<\/p>\n<p>(co-authors: Antoine Bommier (TSE) and Jean Marie Lozachmeur (TSE))<em>Abstract<\/em><br \/>\nThis paper studies the problem of redistribution between individuals with different survival rates. We use a continuous time model in which there are two types of individuals characterized by different survival probability path. We use a generalized life cycle utility function which can exhibit some risk aversion with respect to the length of life. We thus compare successively utilitarian allocations when individuals are risk neutral or risk averse towards the length of life. This problem is analyzed both with full infomation and asymmetric information.<br \/>\nJEL classification: H55, H23, I31.<br \/>\n<em>Key words<\/em>: Uncertain Lifetime, Redistribution, Annuities, Nonlinear taxation.<\/td>\n<\/tr>\n<tr>\n<td>\n<p align=\"center\">Thursday November 8, 2007 from 13h15 to 15h (Salle du Conseil, B31, Sart Tilman)<\/p>\n<p class=\"Style2\" align=\"center\">The role of organisational commitment in the analysis of resistance to change : mediating or moderator effects?<\/p>\n<p align=\"center\">Professeur Antonio Giangreco, Ph.D.<br \/>\nSenior Assistant Professor in HRM &amp; OB<br \/>\nAcademic Director of the Master in International Business Programme<br \/>\nI\u00e9seg School of Management (Lille, France).<\/p>\n<p align=\"center\"><a href=\"http:\/\/www.seminar.hec.ulg.ac.be\/docs\/Sem07.11.08_AGiangreco.ppt\"><em>presentation<\/em><\/a><\/p>\n<p><em>Abstract<\/em><br \/>\nHigh levels of resistance to change (RTC) and low levels of organisational commitment (OC) are often linked to similar actions, expressions of disorientation and organisational dissent. This study aims to examine in greater depth the relationship between RTC and OC in order to verify whether OC acts as a mediating variable (Research Model 1) or as a moderator variable (Research Model 2). To test this in the field, an empirical study was carried out among over three hundred middle managers in a service provider company undergoing a radical process of change. The hypotheses tested are placed within a research model wherein the extent to which middle managers perceive a gain or a loss as a consequence of the change process, and the extent to which they feel involved are the antecedents of RTC. From the results of the research, it can be deduced that organisational commitment has a mediating effect on RTC, while its hypothetical moderator effect does not receive any empirical confirmation. As a consequence, practical implications related to the use of HRM tools are discussed for more effective change management.<br \/>\n<em>Key words:<\/em>\u00a0resistance to change, organisational commitment, middle management<\/td>\n<\/tr>\n<tr>\n<td>\n<p align=\"center\">Tuesday December 11, 2007 at 11:00 (Salle du Conseil, B31, Sart Tilman)<\/p>\n<p class=\"Style2\" align=\"center\">Why environmental regulation may lead to no-regret pollution abatement<\/p>\n<p align=\"center\">M. Pierre-Andr\u00e9 JOUVET<br \/>\nEconomiX, Universit\u00e9 Paris X Nanterre<br \/>\n(co-author: Thierry Br\u00e9chet, CORE, UCL)<br \/>\n<a href=\"http:\/\/www.seminar.hec.ulg.ac.be\/docs\/Sem07.12.11_PAJouvet__Environmental_regulation.pdf\">Paper<\/a><\/p>\n<p align=\"left\">Empirical evidence support the existence of pollution abatement possibilities at negative costs, the so-called `no-regret options&rsquo;. We provide a microeconomic rationale for the existence of such potential at the firm&rsquo;s level under environmental regulation. An econometric application confirms that marginal pollution abatement cost curves with no-regret options are compatible with a standard production function, as stated in our theoretical model.<\/p>\n<\/td>\n<\/tr>\n<tr>\n<td>\n<p align=\"center\">Thursday January 24, 2007 from 12h30 to 14h (B\u00e2t XVII\u00e8me, N1, Louvrex)<\/p>\n<p class=\"Style2\" align=\"center\">Le Design du Syst\u00e8me de Contr\u00f4le de Gestion : influence des sp\u00e9cificit\u00e9s de la PME<\/p>\n<p align=\"center\">Melles Sarah Santin, Nathalie Crutzen et Rima Rouhana<br \/>\nUER Management, HEC-ULg.<\/p>\n<p>Si l\u2019\u00e9tude du design du syst\u00e8me de contr\u00f4le de gestion constitue actuellement une des th\u00e9matiques privil\u00e9gi\u00e9es au sein de la recherche en contr\u00f4le de gestion, le contexte sp\u00e9cifique de la PME reste cependant peu envisag\u00e9. La pr\u00e9sente contribution propose, dans un premier temps, une revue des \u00e9tudes consacr\u00e9es aux crit\u00e8res permettant de d\u00e9finir le syst\u00e8me de contr\u00f4le de gestion d\u2019une entreprise et aux sp\u00e9cificit\u00e9s que manifestent les PME \u00e0 cet \u00e9gard. Dans un second temps, elle propose et explore, au d\u00e9part de l\u2019analyse de sept \u00e9tudes de cas, un mod\u00e8le, synth\u00e9tique, contingent et repr\u00e9sentatif des crit\u00e8res pertinents, permettant, d\u2019une part, de caract\u00e9riser le design du syst\u00e8me de contr\u00f4le de gestion en contexte PME et, d\u2019autre part, de comprendre la mani\u00e8re dont il se structure et \u00e9volue dans une qu\u00eate constante de stabilit\u00e9 adaptative.<\/td>\n<\/tr>\n<tr>\n<td>\n<p align=\"center\">Thursday February 7 , 2008 from 12h30 to 14h (Salle du Conseil, B31, Sart Tilman)<\/p>\n<p class=\"Style2\" align=\"center\"><span lang=\"EN-GB\">City Branding: A Brand Concept Map Analysis of a university town<br \/>\n<\/span><span lang=\"EN-GB\">How is a large university town as Li\u00e8ge perceived by students ?<\/span><\/p>\n<p align=\"center\">Melle C\u00e9line Brandt<br \/>\nUER Management, HEC-ULg.<\/p>\n<p><span lang=\"EN-GB\">We use Brand Concept Maps (BCM) as well as the Zaltman Metaphor Elicitation Technique (ZMET) to determine this perception. First, we explain what the important attributes for a university town are from the students\u2019 point of view. Then, we develop a Brand Concept Map for Li\u00e8ge as a university town. Importance-performance measures allow us to demonstrate the convergent validity, while the split-half reliability test shows the validity of our results. Finally we analyze the divergent perceptions of local and foreign students. Mainly, the goal is to validate the BCM method in the area of city branding and identify how Li\u00e8ge is perceived by local and foreign students.<\/span><\/td>\n<\/tr>\n<tr>\n<td>\n<p align=\"center\">Thursday February 21, 2008 from 12h30 to 14h (311, b\u00e2t 17\u00e8me, Louvrex)<\/p>\n<p class=\"Style2\" align=\"center\"><span lang=\"EN-GB\">Faut-il br\u00fbler la flexicurit\u00e9 ?<\/span><br \/>\nLes conditions d\u2019un compromis \u00e9conomiquement et socialement responsable<\/p>\n<p align=\"center\">Mme Virginie Xhauflair<br \/>\nLENTIC, HEC-ULg.<\/p>\n<p>Le terme Flexicurit\u00e9 est d\u00e9sormais pass\u00e9 dans le langage courant. S\u2019il suscite l\u2019engouement d\u2019un certain nombre d\u2019acteurs, il engendre \u00e9galement de nombreuses controverses, portant essentiellement sur l\u2019opportunit\u00e9 de r\u00e9former les march\u00e9s du travail en fonction de ce \u00ab mod\u00e8le \u00bb, et sur sa transf\u00e9rabilit\u00e9.<\/p>\n<p>Nous entendons contribuer \u00e0 ce d\u00e9bat en privil\u00e9giant une approche pragmatique, centr\u00e9e sur l\u2019analyse des pratiques effectives mises en \u0153uvre au niveau des entreprises et des territoires (dispositifs de mutualisation de personnel, portage salarial, skill pooling, plate-forme RH, etc.).<\/p>\n<p>Cette r\u00e9flexion participative nous a permis de cerner un certain nombre de conditions de succ\u00e8s des pratiques de conciliation de la flexibilit\u00e9 et de la s\u00e9curit\u00e9, et de d\u00e9gager diverses pistes d\u2019actions concr\u00e8tes \u00e0 destination de tout acteur du march\u00e9 du travail d\u00e9sireux de s\u2019engager dans une telle dynamique.<\/p>\n<p>&nbsp;<\/td>\n<\/tr>\n<tr>\n<td>\n<p align=\"center\">Wednesday February 27, 2008 from 12h30 to 14h (328, N1, Louvrex)<\/p>\n<p class=\"Style2\" align=\"center\"><span lang=\"EN-GB\">La responsabilit\u00e9 sociale de l&rsquo;entreprise: de la gouvernance de la firme \u00e0 la gouvernance de r\u00e9seau.<br \/>\nApports d&rsquo;un \u00e9largissement de la th\u00e9orie des parties prenantes aux dimensions socio-productives<\/span><\/p>\n<p align=\"center\">M. Jean-Claude Dupuis<br \/>\nEnseignant-Chercheur, D\u00e9l\u00e9gu\u00e9 \u00e0 la recherche<br \/>\nGEMO-ESDES (Universit\u00e9 Catholique de Lyon)<\/p>\n<p>L\u2019analyse dominante de la notion de RSE qui prend appui sur la Th\u00e9orie des parties prenantes (TPP) laisse dans un angle mort des faits pourtant majeurs pour en saisir la port\u00e9e. Cet article montre que ces insuffisances d\u00e9coulent du fait que la TPP ne constitue pas une th\u00e9orie de la firme \u00ab compl\u00e8te \u00bb. La r\u00e9duction de ces angles morts invite \u00e0 comprendre la RSE comme une \u00e9volution institutionnelle qui participerait du passage d\u2019une gouvernance d\u2019entreprise \u00e0 une gouvernance de r\u00e9seau.<\/p>\n<p>&nbsp;<\/td>\n<\/tr>\n<tr>\n<td>\n<p align=\"center\">Thursday February 28, 2008 from 13h30 to 15h (S\u00e9minaire 12, B31, Sart Tilman)<\/p>\n<p class=\"Style2\" align=\"center\"><span lang=\"EN-GB\">Research Seminar in Economics:<br \/>\nPopulation Dynamics: An Overview of Different Models\u00a0<\/span><\/p>\n<p align=\"center\">M. Salvador LOPEZ<br \/>\nUniversidad Autonoma de Barcelona<\/p>\n<\/td>\n<\/tr>\n<tr>\n<td>\n<p align=\"center\">Tuesday March 4, 2008 from 13h to 17h (311, b\u00e2t. 17\u00e8me, Louvrex)<\/p>\n<p class=\"Style2\" align=\"center\">La diversit\u00e9 du personnel en contact avec les clients et les usagers:<br \/>\nun atout commercial?<\/p>\n<p align=\"center\">S\u00e9minaire de travail organis\u00e9 par le centre EGiD, le CRIPEL, le FOREM et la R\u00e9gion Wallonne<br \/>\nen pr\u00e9sence de Me Isabelle Barth (IAE de Lyon)<br \/>\n<i>Inscription obligatoire &#8211; Nombre de places limit\u00e9<\/i>\u00a0&#8211;\u00a0<a href=\"http:\/\/www.seminar.hec.ulg.ac.be\/docs\/Sem08.03.04_barth-invitation.pdf\">D\u00e9tails<\/a><\/p>\n<\/td>\n<\/tr>\n<tr>\n<td>\n<p align=\"center\">Wednesday March 5, 2008 from 12h30 to 14h (S\u00e9minaire 7, B31, Sart Tilman)<\/p>\n<p class=\"Style2\" align=\"center\"><span lang=\"EN-GB\">Th\u00e8me: l&rsquo;innovation des services<\/span><\/p>\n<p align=\"center\">Me Veronica Marianne Liljander<br \/>\nProfessor, Head of the Department of Marketing<br \/>\nSwedish School of Economics and Business Administration, Helsinki (Finland)<\/p>\n<\/td>\n<\/tr>\n<tr>\n<td>\n<p align=\"center\">Friday March 21, 2008 from 10h to 12h (Local 138, N1-Louvrex)<\/p>\n<p class=\"Style2\" align=\"center\"><span lang=\"EN-GB\">S\u00e9minaire sur le th\u00e8me \u00ab\u00a0Nationality constrains rationality\u00a0\u00bb<\/span><\/p>\n<p align=\"center\">M. Geert HOFSTEDE<br \/>\nDocteur Honoris Causa<br \/>\n<a href=\"http:\/\/www.seminar.hec.ulg.ac.be\/docs\/Sem08.03.21_invitation.pdf\">invitation<\/a>\u00a0&#8211;\u00a0<a href=\"http:\/\/www.seminar.hec.ulg.ac.be\/docs\/Sem08.03.21_affiche.pdf\">affiche<\/a><\/p>\n<\/td>\n<\/tr>\n<tr>\n<td>\n<p align=\"center\">Thursday April 10, 2008 from 12h30 to 14h (Salle du Conseil, B31, Sart Tilman)<\/p>\n<p class=\"Style2\" align=\"center\"><em><strong>Geometry of cutting plane generation in integer programming<\/strong><\/em><\/p>\n<p align=\"center\">M. Quentin Louveaux<br \/>\nCharg\u00e9 de cours, Mont\u00e9fiore (FSA &#8211; ULg).<\/p>\n<p><em>Abstract<\/em>:<br \/>\nAfter a brief overview of some common applications of integer programming, we review the most current method for solving integer programs, i.e. the branch-and-cut. We then discuss a geometric approach to the generation of cutting planes. In particular we focus on the generation of cutting planes from one and two rows of a simplex tableau. Our model consists, from two rows of the simplex tableau, in keeping two integer variables (relaxing nonnegativity) and relaxing the integrality of the remaining variables (keeping nonnegativity). The main result is that every facet of a basic two row-problem can be found from three or four variables. From the geometric point of view, every facet is either a triangle or a quadrilateral.<br \/>\nThis is joint work with K. Andersen, R. Weismantel and L. Wolsey.<\/td>\n<\/tr>\n<tr>\n<td>\n<p align=\"center\">Thursday April 10, 2008 from 13h30 to 15h (S\u00e9minaire 12, B31, Sart Tilman)<\/p>\n<p class=\"Style2\" align=\"center\"><em><strong>Automobile Fuel Efficiency Policies with International Innovation Spillovers<\/strong><\/em><\/p>\n<p align=\"center\">M. Philippe Barla &#8211; Universit\u00e9 de Laval.<br \/>\nThis is joint work with Stef Proost.<\/p>\n<\/td>\n<\/tr>\n<tr>\n<td>\n<p align=\"center\">Thursday April 17, 2008 from 13h30 to 15h (S\u00e9minaire 12, B31, Sart Tilman)<\/p>\n<p class=\"Style2\" align=\"center\"><em><strong>Entry under Capacity Limitation and Vertical Differentiation: return of the Judo Economics<\/strong><\/em><\/p>\n<p align=\"center\">Xavier Wauthy (FUSL)<br \/>\nThis is joint work with Nicoals Boccard.<\/p>\n<\/td>\n<\/tr>\n<tr>\n<td>\n<p align=\"center\">Thursday April 24, 2008 from 13h30 to 15h (S\u00e9minaire 12, B31, Sart Tilman)<\/p>\n<p class=\"Style2\" align=\"center\"><em><strong>Research Seminar in Economics:<br \/>\nEvaluation \u00e9conomique de la campagne de d\u00e9pistage de l&rsquo;ost\u00e9oporose men\u00e9e en province de Li\u00e8ge<\/strong><\/em><\/p>\n<p align=\"center\">M. Micka\u00ebl HILIGSMANN, Universit\u00e9 de Li\u00e8ge<br \/>\npapier co-\u00e9crit avec Olivier Bruy\u00e8re, Georges Pire et Jean-Yves Reginster<\/p>\n<\/td>\n<\/tr>\n<tr>\n<td>\n<p align=\"center\">Tuesday May 6, 2008 from 12h30 to 14h (311, N1)<\/p>\n<p class=\"Style2\" align=\"center\"><em><strong>La responsabilit\u00e9 sociale des entreprises<\/strong><\/em><\/p>\n<p align=\"center\">M. Emmanuel RAUFFLET<br \/>\nHEC Montr\u00e9al (Qu\u00e9bec)<br \/>\n<a href=\"http:\/\/www.seminar.hec.ulg.ac.be\/docs\/Sem08.05.06%20ERaufflet.doc\">abstract<\/a>,\u00a0<a href=\"http:\/\/www.seminar.hec.ulg.ac.be\/docs\/Sem08.05.06%20ERaufflet.ppt\">pr\u00e9sentation<\/a><\/p>\n<\/td>\n<\/tr>\n<tr>\n<td>\n<p align=\"center\">Thursday May 8, 2008 from 13h30 to 15h (S\u00e9minaire 12, B31, Sart Tilman)<\/p>\n<p class=\"Style2\" align=\"center\"><em><strong>Tax Evasion: Cheating Rationally or<br \/>\nDeciding Emotionally?<\/strong><\/em><\/p>\n<p align=\"center\">Marie-Claire Villeval, CNRS-Gate, Universit\u00e9 de Lyon.<\/p>\n<\/td>\n<\/tr>\n<tr>\n<td>\n<p align=\"center\">Thursday May 29, 2008 from 13h30 to 15h (S\u00e9minaire 12, B31, Sart Tilman)<\/p>\n<p class=\"Style2\" align=\"center\"><em><strong>Rehabilitated or Not?: To Release (?) is the Question<\/strong><\/em><\/p>\n<p align=\"center\">Steeve Mongrain, Simon Fraser University<\/p>\n<\/td>\n<\/tr>\n<tr>\n<td>\n<p align=\"center\">Thursday June 5, 2008 from 12h30 to 14h (Salle du Conseil, B31, Sart Tilman)<\/p>\n<p class=\"Style2\" align=\"center\"><em><strong>Joined seminar with the department of Statistics (Fac. of Sciences)<\/strong><\/em><\/p>\n<p align=\"center\">M. C\u00e9dric Heuchenne<br \/>\nCharg\u00e9 de cours, UER Operations, HEC-ULg.<\/p>\n<\/td>\n<\/tr>\n<tr>\n<td>\n<p align=\"center\">Monday June 9, 2008 from 12h45 to 14h (S.33, Institut de Math\u00e9matiques)<\/p>\n<p class=\"Style2\" align=\"center\"><em><strong>When algebra and geometry meet graphs&#8230;<\/strong><\/em><\/p>\n<p align=\"center\">M.Felix Lazebnik<br \/>\nDepartment of Mathematical sciences, University of Delaware, USA.<\/p>\n<p align=\"left\"><em>Abstract<\/em>:<br \/>\nIn this talk we present a simple method for constructing infinite families of graphs defined by a class of systems of equations over finite fields (or just arbitrary commutative rings).<br \/>\nIn many instances, specializations of these constructions have proved useful in various graph theory problems.<br \/>\nThe talk is a survey of the results (old and new) obtained by using these constructions and of the geometric and algebraic origins of the methods.<br \/>\nAt the end we present several new (and simply stated) open problems.<\/p>\n<\/td>\n<\/tr>\n<tr>\n<td>\n<p align=\"center\">Tuesday June 10, 2008 from 13h30 to 15h (S\u00e9minaire 12, B31, Sart Tilman)<\/p>\n<p align=\"center\"><span class=\"Style4\">Custom in the Shadow of the Formal Law: An Economic Analysis<\/span><\/p>\n<p align=\"center\">Gani Aldashev, Universit\u00e9 de Namur<br \/>\nco-\u00e9crit avec Imane Chaara, Jean-Philippe Platteau, and Zaki Wahhaj<\/p>\n<p align=\"center\">ce s\u00e9minaire est annul\u00e9.<\/p>\n<\/td>\n<\/tr>\n<tr>\n<td>\n<p align=\"center\">Wednesday June 18, 2008 from 12h30 to 14h (B31, Sart Tilman)<\/p>\n<p class=\"Style2\" align=\"center\"><em><strong>Programmation par contraintes pour le probl\u00e8me de l&rsquo;isomorphisme de sous-graphe<\/strong><\/em><\/p>\n<p align=\"center\">M. St\u00e9phane Zampelli<br \/>\nGroupe de recherche BeCool, UCL<\/p>\n<p align=\"left\"><em>Abstract<\/em>:<br \/>\nLa technique de programmation par contrainte est une descendante de la programmation logique, n\u00e9e en europe il y a une trentaine d&rsquo;ann\u00e9es.Elle est l&rsquo;objet de conf\u00e9rences internationales (CP &#8211; CPAIOR&#8230;) et de revues scientifiques internationales (i.e. \u00ab\u00a0constraints\u00a0\u00bb).<br \/>\nLa recherche dans ce domaine comprend le d\u00e9veloppement d&rsquo;algorithmes efficaces s&rsquo;appuyant fr\u00e9quemment sur des techniques de graphes (programmation de contrainte globales comme par exemple \u00ab\u00a0packing\u00a0\u00bb, \u00ab\u00a0all-different\u00a0\u00bb, etc.)<br \/>\nLes applications sont vari\u00e9es : knapsack, bin-packing, routing, scheduling, inventory management, auctions, networks,stochastic problems, matrix decomposition&#8230;<br \/>\nLa programmation par contrainte est g\u00e9n\u00e9ralement combin\u00e9e avec des techniques de recherche locale (branch &amp; bound, tabu search, variable neighborhood search, ant colony&#8230;) et ses connexions avec des m\u00e9thodes math\u00e9matiques telle que la programmation enti\u00e8re sont \u00e9galement \u00e9tudi\u00e9es par les chercheurs.<\/p>\n<\/td>\n<\/tr>\n<tr>\n<td>\n<p align=\"center\">Thursday June 19, 2008 from 12h30 to 14h (Salle du Conseil, B31)<\/p>\n<p class=\"Style4\" align=\"center\"><em><strong>Identity dynamics in post-NPM administration:<br \/>\nAn interplay between contents and context<\/strong><\/em><\/p>\n<p align=\"center\">Me Giseline RONDEAUX<br \/>\nLENTIC, HEC-ULg<span class=\"Style3\"><br \/>\n<a href=\"http:\/\/www.seminar.hec.ulg.ac.be\/docs\/Sem08.03.06_rondeaux-article.pdf\">paper<\/a><\/span><\/p>\n<p align=\"center\">Ce s\u00e9minaire a \u00e9t\u00e9 report\u00e9 \u00e0 une date ult\u00e9rieure.<\/p>\n<\/td>\n<\/tr>\n<\/tbody>\n<\/table>\n","protected":false},"excerpt":{"rendered":"<p>Programme 2007-2008 &nbsp; Thursday October 18, 2007 from 16h to 17h30, (315, b\u00e2t 17\u00e8me, Louvrex) Gambit Financial Solutions HEC-ULg spin-off Session 1 : Linearizing Option Returns for Portfolio and Risk Management (L.Bodson, G.H\u00fcbner) paper Session 2 : Dynamic Style Analysis<\/p>\n","protected":false},"author":1,"featured_media":0,"parent":21,"menu_order":0,"comment_status":"closed","ping_status":"closed","template":"","meta":{"_monsterinsights_skip_tracking":false,"_monsterinsights_sitenote_active":false,"_monsterinsights_sitenote_note":"","_monsterinsights_sitenote_category":0,"footnotes":""},"class_list":["post-40","page","type-page","status-publish","hentry"],"_links":{"self":[{"href":"http:\/\/seminar.hec.ulg.ac.be\/index.php\/wp-json\/wp\/v2\/pages\/40"}],"collection":[{"href":"http:\/\/seminar.hec.ulg.ac.be\/index.php\/wp-json\/wp\/v2\/pages"}],"about":[{"href":"http:\/\/seminar.hec.ulg.ac.be\/index.php\/wp-json\/wp\/v2\/types\/page"}],"author":[{"embeddable":true,"href":"http:\/\/seminar.hec.ulg.ac.be\/index.php\/wp-json\/wp\/v2\/users\/1"}],"replies":[{"embeddable":true,"href":"http:\/\/seminar.hec.ulg.ac.be\/index.php\/wp-json\/wp\/v2\/comments?post=40"}],"version-history":[{"count":1,"href":"http:\/\/seminar.hec.ulg.ac.be\/index.php\/wp-json\/wp\/v2\/pages\/40\/revisions"}],"predecessor-version":[{"id":41,"href":"http:\/\/seminar.hec.ulg.ac.be\/index.php\/wp-json\/wp\/v2\/pages\/40\/revisions\/41"}],"up":[{"embeddable":true,"href":"http:\/\/seminar.hec.ulg.ac.be\/index.php\/wp-json\/wp\/v2\/pages\/21"}],"wp:attachment":[{"href":"http:\/\/seminar.hec.ulg.ac.be\/index.php\/wp-json\/wp\/v2\/media?parent=40"}],"curies":[{"name":"wp","href":"https:\/\/api.w.org\/{rel}","templated":true}]}}