{"id":36,"date":"2018-04-25T12:02:25","date_gmt":"2018-04-25T10:02:25","guid":{"rendered":"http:\/\/blogs.hec.uliege.be\/~seminarwp\/?page_id=36"},"modified":"2018-04-25T12:02:25","modified_gmt":"2018-04-25T10:02:25","slug":"2005-2006","status":"publish","type":"page","link":"http:\/\/seminar.hec.ulg.ac.be\/index.php\/agenda\/2005-2006\/","title":{"rendered":"2005-2006"},"content":{"rendered":"<p align=\"center\"><span style=\"font-size: small;\"><b><span style=\"color: #ffcc66; font-family: Verdana, Arial, Helvetica, sans-serif;\">Programme 2005-2006<\/span><\/b><\/span><\/p>\n<p>&nbsp;<\/p>\n<hr \/>\n<p><b>Mardi 20 juin 2006<\/b>\u00a0de 12h30 \u00e0 14h00,<b>\u00a0au S\u00e9minaire 7\u00a0<\/b>(Sart Tilman, B\u00e2t. B31)<br \/>\nS\u00e9minaire de gestion: Reprise d&rsquo;entreprise<\/p>\n<p align=\"center\"><span style=\"color: #000033;\"><b>L\u2019analyse \u00e9quilibr\u00e9e des sympt\u00f4mes de d\u00e9s\u00e9quilibre de la PME \u00e0 reprendre,<br \/>\nfacteur-cl\u00e9 du succ\u00e8s du processus de reprise:<br \/>\nl\u00e9gitimation th\u00e9orique et premi\u00e8re validation empirique<\/b><\/span><\/p>\n<p align=\"center\"><b><\/b>Par Nathalie Crutzen &amp; Sarah Santin<br \/>\nCentre d\u2019Etude de la Performance des Entreprises (C.E.P.E.)<br \/>\nHEC Ecole de Gestion de l\u2019Universit\u00e9 de Li\u00e8ge<br \/>\n<a href=\"http:\/\/www.seminar.hec.ulg.ac.be\/docs\/Sem06.06.20_ssantin-presentation.ppt\">Presentation<\/a>\u00a0&#8211;\u00a0<a href=\"http:\/\/www.seminar.hec.ulg.ac.be\/docs\/Sem06.06.20_ssantin-abstract.pdf\">Abstract<\/a>\u00a0&#8211;\u00a0<a href=\"http:\/\/www.seminar.hec.ulg.ac.be\/docs\/Sem06.06.20_ssantin-paper.pdf\">Paper<\/a><\/p>\n<p align=\"center\"><span style=\"color: #000033;\"><b>Les femmes entrepreneures et la transmission d\u2019entreprise<\/b><\/span><\/p>\n<p align=\"center\"><b><\/b>Par Christina Constantinidis<br \/>\nUnit\u00e9 de recherche EGiD &#8211; \u00c9tudes sur le Genre et la Diversit\u00e9 en Gestion<br \/>\nHEC Ecole de Gestion de l\u2019Universit\u00e9 de Li\u00e8ge<br \/>\n<a href=\"http:\/\/www.seminar.hec.ulg.ac.be\/docs\/Sem06.06.20_cconstantinidis-presentation.ppt\">Presentation<\/a>\u00a0&#8211;\u00a0<a href=\"http:\/\/www.seminar.hec.ulg.ac.be\/docs\/Sem06.06.20_cconstantinidis-abstract.pdf\">Abstract<\/a>\u00a0&#8211;\u00a0<a href=\"http:\/\/www.seminar.hec.ulg.ac.be\/docs\/Sem06.06.20_cconstantinidis-paper.pdf\">Paper<\/a><\/p>\n<hr \/>\n<p><b>Mardi 6 juin 2006<\/b>\u00a0de 12h30 \u00e0 14h00,<b>\u00a0\u00e0 la Salle du Conseil\u00a0<\/b>(Sart Tilman, B\u00e2t. B31)<br \/>\nS\u00e9minaire de gestion: Gestion des comp\u00e9tences<\/p>\n<p align=\"center\"><span style=\"color: #000033;\"><b>Faut-il br\u00fbler la gestion des comp\u00e9tences?<br \/>\nEtude des pratiques bas\u00e9es sur les comp\u00e9tences en entreprise<\/b><\/span><\/p>\n<p align=\"center\"><b><\/b>Par M\u00e9lanie Antoine &amp; Nathalie Renier<br \/>\nHEC\u2013Ecole de Gestion de l\u2019Universit\u00e9 de Li\u00e8ge<br \/>\n<a href=\"http:\/\/www.seminar.hec.ulg.ac.be\/docs\/Sem06.06.06_mantoine-presentation.ppt\">Presentation<\/a>\u00a0&#8211;\u00a0<a href=\"http:\/\/www.lentic.be\/anm\/anmviewer.asp?a=119&amp;z=50\">R\u00e9sum\u00e9 (lien)<\/a>\u00a0&#8211;\u00a0<a href=\"http:\/\/www.lentic.be\/absoluteig\/gallery.asp?categoryid=23\">Rapport de recherche (lien)<\/a><\/p>\n<hr \/>\n<p><b>Mardi 23 mai 2006<\/b>\u00a0de 12h30 \u00e0 14h00,<b>\u00a0\u00e0 la Salle du Conseil\u00a0<\/b>(Sart Tilman, B\u00e2t. B31)<br \/>\nS\u00e9minaire de gestion: Th\u00e9orie des Organisations<\/p>\n<p align=\"center\"><span style=\"color: #000033;\"><b>G\u00e9rer l\u2019innovation par les TIC dans l\u2019administration locale:<br \/>\nun regard contrast\u00e9 sur trois projets de e-administration<\/b><\/span><\/p>\n<p align=\"center\"><b><\/b>Par Olivier LISEIN<br \/>\nCharg\u00e9 de recherche, LENTIC \u2013 Universit\u00e9 de Li\u00e8ge<br \/>\nAssistant, HEC\u2013Ecole de Gestion de l\u2019Universit\u00e9 de Li\u00e8ge<br \/>\n<a href=\"http:\/\/www.seminar.hec.ulg.ac.be\/docs\/Sem06.05.23_olisein-presentation.ppt\">Presentation<\/a>\u00a0&#8211;\u00a0<a href=\"http:\/\/www.seminar.hec.ulg.ac.be\/docs\/Sem06.05.23_olisein-abstract.pdf\">Abstract<\/a>\u00a0&#8211;\u00a0<a href=\"http:\/\/revuesim.free.fr\/index.php?page=liste_article&amp;annee_revue=2005\">Revue SIM 2005 vol.10 n\u00b01<\/a><\/p>\n<hr \/>\n<p><b>Lundi 22 mai 2006<\/b>\u00a0de 12h30 \u00e0 14h00, au de Toqueville (Sart Tilman, B\u00e2t. B31)<br \/>\nS\u00e9minaire conjoint d&rsquo;Economie et Gestion<\/p>\n<p align=\"center\"><span style=\"color: #000033;\"><b>Formulation of Technical, Economic and Environmental Efficiency Measures<br \/>\nthat are Consistent with the Materials Balance Condition<\/b><\/span><\/p>\n<p align=\"center\"><b><\/b>Par Tim COELLI<br \/>\nCentre for Efficiency and Productivity Analysis<br \/>\nUniversity of Queensland, Brisbane, Australia<br \/>\n<a href=\"http:\/\/www.seminar.hec.ulg.ac.be\/docs\/Sem06.05.22_tcoelli-presentation.ppt\">Presentation<\/a>\u00a0&#8211;\u00a0<a href=\"http:\/\/www.seminar.hec.ulg.ac.be\/docs\/Sem06.05.22_tcoelli-abstract.pdf\">Abstract<\/a>\u00a0&#8211;\u00a0<a href=\"http:\/\/www.seminar.hec.ulg.ac.be\/docs\/Sem06.05.22_tcoelli-paper.pdf\">Paper<\/a><\/p>\n<hr \/>\n<p><b>Jeudi 18 mai 2006<\/b>\u00a0de 12h \u00e0 14h,<b>\u00a0\u00e0 la Salle du Conseil\u00a0<\/b>(Sart Tilman, B\u00e2t. B31)<br \/>\nS\u00e9minaire de gestion: Justice sociale, Libert\u00e9 et Egalit\u00e9 \u00e9conomique<\/p>\n<p align=\"center\"><span style=\"color: #000033;\"><b>Effects of framing on perceptions<br \/>\nof economic freedom, economic equality, and social justice<\/b><\/span><\/p>\n<p align=\"center\"><b><\/b>Par le Professeur Girts DIMDINS<br \/>\nStockholm School of Economics in Riga<br \/>\nPresentation &#8211;\u00a0<a href=\"http:\/\/www.seminar.hec.ulg.ac.be\/docs\/Sem06.05.18_gdimdins-abstract.pdf\">Abstract<\/a>\u00a0&#8211;\u00a0<a href=\"http:\/\/www.seminar.hec.ulg.ac.be\/docs\/Sem06.05.18_gdimdins-cv.pdf\">Profil<\/a>\u00a0&#8211;\u00a0Paper<\/p>\n<p align=\"center\"><b><\/b><i>S\u00e9minaire conjoint d&rsquo;Economie, de Gestion et de Sciences Sociales,<br \/>\norganis\u00e9 par HEC-ULg et l&rsquo;Institut des Sciences Humaines et Sociales,<br \/>\ndans le cadre du programme d&rsquo;\u00e9change de professeurs SOCRATES\/ERASMUS<\/i><\/p>\n<table border=\"1\" width=\"610\" align=\"center\">\n<tbody>\n<tr>\n<th scope=\"col\" align=\"center\" valign=\"middle\" width=\"604\">Le Professeur Dimdins animera \u00e0 partir de 14h un s\u00e9minaire sur la m\u00e9thodologie de recherche et les strat\u00e9gies de publication, destin\u00e9 aux chercheurs et doctorants de HEC &#8211; ULg.<\/th>\n<\/tr>\n<\/tbody>\n<\/table>\n<p>&nbsp;<\/p>\n<hr \/>\n<p><b>Jeudi 11 mai 2006<\/b>\u00a0de 12h30 \u00e0 14h00,<b>\u00a0au Trifac 3\u00a0<\/b>(B\u00e2t. B33)<br \/>\nS\u00e9minaire de gestion: Finance<\/p>\n<p align=\"center\"><span style=\"color: #000033;\"><b>The Agency Structure of Loan Syndicates<\/b><\/span><\/p>\n<p align=\"center\"><b><\/b>Par Pascal Fran\u00e7ois<br \/>\nAssociate Professor \u00e0 HEC Montr\u00e9al (Canada)<br \/>\n<a href=\"http:\/\/www.seminar.hec.ulg.ac.be\/docs\/Sem06.05.11_pfrancois_cv.doc\">Profil<\/a>\u00a0&#8211;\u00a0<a href=\"http:\/\/www.seminar.hec.ulg.ac.be\/docs\/Sem06.05.11_pfrancois-abstract.pdf\">Paper<\/a><\/p>\n<hr \/>\n<p><b>Jeudi 4 mai 2006<\/b>\u00a0de 14h \u00e0 16h,<b>\u00a0\u00e0 la Salle Roi Baudouin<\/b>\u00a0(b\u00e2t. N1, rue Louvrex)<br \/>\nS\u00e9minaire de gestion: Contr\u00f4le de gestion<\/p>\n<p align=\"center\"><span style=\"color: #000033;\"><b>L&rsquo;exercice du contr\u00f4le de gestion en contexte hospitalier : une synth\u00e8se de recherches en cours<\/b><\/span><\/p>\n<p align=\"center\"><b><\/b>Par le Professeur Thierry Nobre<br \/>\nde l&rsquo;Universit\u00e9 Robert Schuman \u00e0 Strasbourg<\/p>\n<p><em>Synth\u00e8se des travaux actuellement en cours dans le monde hospitalier fran\u00e7ais dans le champ du contr\u00f4le de gestion. Les probl\u00e9matiques de la gestion, du contr\u00f4le budg\u00e9taire, et du contr\u00f4le des acteurs lors du lancement de projets en milieu hospitalier seront notamment \u00e9voqu\u00e9es. Une s\u00e9rie d&rsquo;articles seront mis \u00e0 la disposition des auditeurs lors de la conf\u00e9rence.<\/em><\/p>\n<div align=\"center\">Presentation &#8211;\u00a0Paper<\/div>\n<hr \/>\n<p><b>Mardi 25 avril 2006<\/b>\u00a0de 12h30 \u00e0 14h00,<b>\u00a0\u00e0 la Salle du Conseil\u00a0<\/b>(B\u00e2t. B31)<br \/>\nS\u00e9minaire de gestion: Marketing et Statistique<\/p>\n<p align=\"center\"><span style=\"color: #000033;\"><b>Bagging and Boosting Classification Trees to Predict Churn.<br \/>\nInsights from the US Telecom Industry<\/b><\/span><\/p>\n<p align=\"center\"><b><\/b>Par Aur\u00e9lie Lemmens<br \/>\nPh.D.Student at K.U.Leuven, Center for Applied Economic Research<br \/>\n<a href=\"http:\/\/www.seminar.hec.ulg.ac.be\/docs\/Sem06.04.25_alemmens-presentation.ppt\">Presentation<\/a>\u00a0&#8211;\u00a0<a href=\"http:\/\/www.seminar.hec.ulg.ac.be\/docs\/Sem06.04.25_alemmens-abstract.pdf\">Abstract<\/a><\/p>\n<hr \/>\n<p><b>Mardi 4 avril 2006<\/b>\u00a0de 12h30 \u00e0 14h00,<b>\u00a0\u00e0 la Salle du Conseil\u00a0<\/b>(B\u00e2t. B31)<br \/>\nS\u00e9minaire de gestion: Finance \u00e9pist\u00e9mologique<\/p>\n<p align=\"center\"><span style=\"color: #000033;\"><b>The Financial Simulacrum<br \/>\nThe Consequences of the Symbolic and Technological Virtualization of the Financial Market<\/b><\/span><\/p>\n<p align=\"center\"><b><\/b>Par Christophe Schinckus<br \/>\nCEREC, Facult\u00e9s Universitaires St-Louis, Brussels, Belgium<br \/>\nGRESE, University of Paris I Panth\u00e9on \u2013 Sorbonne, Paris, France<br \/>\n<a href=\"http:\/\/www.seminar.hec.ulg.ac.be\/docs\/Sem06.04.04_cschinckus-presentation.ppt\">Presentation<\/a>\u00a0&#8211;\u00a0<a href=\"http:\/\/www.seminar.hec.ulg.ac.be\/docs\/Sem06.04.04_cschinckus-abstract.pdf\">Abstract<\/a><\/p>\n<hr \/>\n<p><b>Vendredi 10 mars 2006<\/b>\u00a0de 15h00 \u00e0 16h30,<b>\u00a0\u00e0 la Salle du Conseil\u00a0<\/b>(B\u00e2t. B31)<br \/>\nS\u00e9minaire de gestion: Responsabilit\u00e9 sociale<\/p>\n<p align=\"center\"><span style=\"color: #000033;\"><b>La Responsabilit\u00e9 Sociale de l&rsquo;Entreprise:<br \/>\nfondements th\u00e9oriques et perspectives de recherche<\/b><\/span><\/p>\n<p align=\"center\"><b><\/b>Par M. Jean-Pascal GOND<br \/>\nLecturer in Corporate Social Responsibility, Nottingham University Business School, UK<br \/>\n<a href=\"http:\/\/www.seminar.hec.ulg.ac.be\/docs\/Sem06.03.10_jpgond-presentation.ppt\">Presentation<\/a>\u00a0&#8211;\u00a0<a href=\"http:\/\/www.seminar.hec.ulg.ac.be\/docs\/Sem06.03.10_jpgond-paper.pdf\">Paper<\/a>\u00a0&#8211;\u00a0<a href=\"http:\/\/www.seminar.hec.ulg.ac.be\/docs\/Sem06.03.10_jpgond-cv.pdf\">Curriculum<\/a><\/p>\n<hr \/>\n<p><b>Mercredi 8 mars 2006<\/b>\u00a0de 12h45 \u00e0 14h00,\u00a0<b>\u00e0 la Salle du Conseil<\/b>\u00a0(B\u00e2t. B31)<br \/>\nS\u00e9minaire de gestion: Gestion internationale<\/p>\n<p align=\"center\"><span style=\"color: #000033;\"><b>FDI and the transformation from industry to service society in emerging economies:<br \/>\nA Lithuanian &#8211; Nordic perspective<\/b><\/span><\/p>\n<p align=\"center\"><b><\/b>Par M. Gediminas RAMANAUSKAS<br \/>\nISM University of Economics and Management, Vilnius, LITHUANIA<br \/>\n<a href=\"http:\/\/www.seminar.hec.ulg.ac.be\/docs\/Sem06.03.08_gramanauskas-presentation.ppt\">Presentation<\/a>\u00a0&#8211;\u00a0<a href=\"http:\/\/www.seminar.hec.ulg.ac.be\/docs\/Sem06.03.08_gramanauskas-abstract.pdf\">Abstract<\/a>\u00a0&#8211;\u00a0<a href=\"http:\/\/www.seminar.hec.ulg.ac.be\/docs\/Sem06.03.08_gramanauskas-paper.pdf\">Paper<\/a><\/p>\n<hr \/>\n<p><b>Mardi 21 f\u00e9vrier 2006<\/b>\u00a0: de 12h30 \u00e0 14h00\u00a0<b>\u00e0 la salle MAHAIM<\/b>\u00a0(B\u00e2t. B31)<br \/>\nS\u00e9minaire conjoint d&rsquo;\u00e9conomie et de gestion<\/p>\n<p align=\"center\"><span style=\"color: #000033;\"><b>L&rsquo;\u00e9conomie sociale et la responsabilit\u00e9 sociale des entreprises<\/b><\/span><\/p>\n<p align=\"center\"><b><\/b>Par Sybille MERTENS et Benjamin HUYBRECHTS, Centre d&rsquo;Economie Sociale d&rsquo;HEC-ULg<br \/>\n<a href=\"http:\/\/www.seminar.hec.ulg.ac.be\/docs\/Sem06.02.21_smertens-presentation.ppt\">Presentation<\/a>\u00a0&#8211;\u00a0<a href=\"http:\/\/www.seminar.hec.ulg.ac.be\/docs\/Sem06.02.21_bhuybrechts-abstract.pdf\">Abstract<\/a>\u00a0&#8211;\u00a0<a href=\"http:\/\/www.seminar.hec.ulg.ac.be\/docs\/Sem06.02.21_bhuybrechts-paper.pdf\">Paper<\/a><\/p>\n<hr \/>\n<p><b>Mardi 7 f\u00e9vrier 2006<\/b>\u00a0de 12h30 \u00e0 14h00\u00a0<b>\u00e0 la salle du conseil<\/b><br \/>\nS\u00e9minaire de Gestion: Changement organisationnel<\/p>\n<p align=\"center\"><span style=\"color: #000033;\"><b>G\u00e9rer le changement dans les entreprises-r\u00e9seaux : le r\u00f4le de l\u2019agent de liaison<\/b><\/span><\/p>\n<p align=\"center\"><b><\/b>Par Dimitri DEFLANDRE &amp; Isabelle DONNAY, Chercheurs au LENTIC, HEC-ULg<br \/>\n<a href=\"http:\/\/www.seminar.hec.ulg.ac.be\/docs\/Sem06.02.07_idonnay-presentation.ppt\">Presentation<\/a>\u00a0&#8211;\u00a0<a href=\"http:\/\/www.seminar.hec.ulg.ac.be\/docs\/Sem06.02.07_ddeflandre-abstract.pdf\">Abstract<\/a><\/p>\n<hr \/>\n<p><b>Mardi 17 janvier 2006<\/b>\u00a0de 12h30 \u00e0 14h00\u00a0<b>\u00e0 la salle du conseil<\/b><br \/>\nS\u00e9minaire de Gestion: Math\u00e9matiques appliqu\u00e9es \u00e0 la gestion<\/p>\n<p align=\"center\"><span style=\"color: #000033;\"><b>Mod\u00e9lisation de l&rsquo;\u00e9volution d&rsquo;actifs \u00e0 obsolescence rapide<\/b><\/span><\/p>\n<p align=\"center\"><b><\/b>Par M. Daniel JUSTENS, HEFF, Bruxelles<br \/>\n<a href=\"http:\/\/www.seminar.hec.ulg.ac.be\/docs\/Sem06.01.17_djustens-presentation.ppt\">Presentation<\/a>\u00a0&#8211;\u00a0<a href=\"http:\/\/www.seminar.hec.ulg.ac.be\/docs\/Sem06.01.17_djustens-abstract.pdf\">Paper<\/a><\/p>\n<hr \/>\n<p><b>Mardi 13 d\u00e9cembre 2005<\/b>\u00a0de 16h00 \u00e0 17h30\u00a0<b>\u00e0 la salle du conseil<\/b><br \/>\nS\u00e9minaire de Gestion: Recherche op\u00e9rationnelle<\/p>\n<p align=\"center\"><span style=\"color: #000033;\"><b>Scheduling in Flexible Robotic Manufacturing Cells<\/b><\/span><\/p>\n<p align=\"center\"><b><\/b>Par M. Hakan GULTEKIN, Bilkent University, Ankara, Turquie<br \/>\n<a href=\"http:\/\/www.seminar.hec.ulg.ac.be\/docs\/Sem05.12.13_hgultekin-presentation.ppt\">Presentation<\/a>\u00a0&#8211;\u00a0<a href=\"http:\/\/www.seminar.hec.ulg.ac.be\/docs\/Sem05.12.13_hgultekin-abstract.pdf\">Abstract<\/a><\/p>\n<hr \/>\n<p><b>Mardi 15 novembre 2005<\/b>\u00a0de 12h30 \u00e0 14h\u00a0<b>\u00e0 la salle du conseil<\/b><br \/>\nS\u00e9minaire de Gestion: Real Estate Finance<\/p>\n<p align=\"center\"><span style=\"color: #000033;\"><b>How Does the Market for Corporate Control Function for Property Companies?\u00a0<\/b><\/span><br \/>\nby M. Nils KOK, Maastricht University<br \/>\n<a href=\"http:\/\/www.seminar.hec.ulg.ac.be\/docs\/Sem05.11.15_nkok-abstract.pdf\">Abstract<\/a>\u00a0&#8211;\u00a0<a href=\"http:\/\/www.seminar.hec.ulg.ac.be\/docs\/Sem05.11.15_nkok-paper.pdf\">Paper<\/a><\/p>\n<hr \/>\n<p><a class=\"capsule\"><b>Jeudi 13 octobre apr\u00e8s-midi\u00a0<\/b>: de 12h30 \u00e0 17h30<\/a>\u00a0\u00e0 la salle du conseil<br \/>\nS\u00e9minaire consacr\u00e9 \u00e0 la recherche en Economie et Gestion \u00e0 HEC-ULg<\/p>\n<p align=\"center\"><span style=\"color: #000033;\"><b>La recherche \u00e0 HEC-ULg<\/b><br \/>\nFran\u00e7ois PICHAULT, Directeur de la recherche \u00e0 HEC-ULg.<br \/>\n<a href=\"http:\/\/www.seminar.hec.ulg.ac.be\/docs\/Sem05.10.13_fpichault-presentation.ppt\">Pr\u00e9sentation<\/a><\/p>\n<p>Annie CORNET, Pr\u00e9sidente du Coll\u00e8ge de Doctorat.<br \/>\n<a href=\"http:\/\/www.seminar.hec.ulg.ac.be\/docs\/Sem05.10.13_acornet-presentation.ppt\">Pr\u00e9sentation<\/a><\/p>\n<p><b>La recherche finalis\u00e9e.<\/b><br \/>\nFabrice DE ZANET et Salvatore TINNIRELLO,<br \/>\nChercheurs de la Cellule de recherche en Gestion des comp\u00e9tences.<br \/>\nResponsable acad\u00e9mique: Jean-Marie DUJARDIN.<br \/>\n<a href=\"http:\/\/www.seminar.hec.ulg.ac.be\/docs\/Sem05.10.13_fdezanet-presentation.ppt\">Pr\u00e9sentation<\/a><\/p>\n<p><b>La carri\u00e8re du chercheur.<\/b><br \/>\nHerv\u00e9 DEGEE, Chercheur qualifi\u00e9 du FNRS.<br \/>\n<a href=\"http:\/\/www.seminar.hec.ulg.ac.be\/docs\/Sem05.10.13_hdegee-presentation.ppt\">Pr\u00e9sentation<\/a>\u00a0&#8211; plus d&rsquo;infos sur le<a href=\"http:\/\/www.ulg.ac.be\/cups\/\">\u00a0site du CUPS<\/a><\/p>\n<p><b>M\u00e9thodologie de recherche qualitative.<\/b><br \/>\nT\u00e9moignages de M\u00e9lanie ANTOINE et Elena CHANE-ALUNE.<br \/>\n<a href=\"http:\/\/www.seminar.hec.ulg.ac.be\/docs\/Sem05.10.13_mantoine-presentation.ppt\">Pr\u00e9sentation<\/a><\/p>\n<p><b>M\u00e9thodologie de recherche quantitative.<\/b><br \/>\nT\u00e9moignages de Eric BONSANG et Mathieu LEFEVBRE.<br \/>\n<a href=\"http:\/\/www.seminar.hec.ulg.ac.be\/docs\/Sem05.10.13_ebonsang-presentation.ppt\">Pr\u00e9sentation<\/a><\/p>\n<p><b>Ressources documentaires et bases de donn\u00e9es.<\/b><br \/>\nEric GEERKENS, CARE \u00ab\u00a0Le R\u00e9seau des biblioth\u00e8ques de l&rsquo;ULg\u00a0\u00bb.<br \/>\n<a href=\"http:\/\/www.libnet.ulg.ac.be\/perelectr.htm\">Pr\u00e9sentation des ressources \u00e9lectroniques<\/a><\/p>\n<p><b>Processus de communications et publications.<\/b><br \/>\nT\u00e9moignages de Christina CONSTANTINIDIS et Robert JOLIET.<br \/>\n<a href=\"http:\/\/www.seminar.hec.ulg.ac.be\/docs\/Sem05.10.13_rjoliet-presentation.ppt\">Pr\u00e9sentation<\/a><br \/>\n<\/span><\/p>\n<hr \/>\n<p>mardi 13 septembre 2005 de 12h00 \u00e0 14h <b>\u00e0 la salle du conseil<\/b><br \/>\nS\u00e9minaire conjoint d&rsquo;Economie et de Gestion<\/p>\n<p align=\"center\"><span style=\"color: #000033;\"><b>REGULATION IN SPANISH RETAILING: a nonparametric approach\u00a0<\/b><\/span><\/p>\n<p>by Prof. Justo de Jorge Moreno, University of Alcal\u00e1, SPAIN<br \/>\n<a href=\"http:\/\/www.seminar.hec.ulg.ac.be\/docs\/Sem05.09.13_JMoreno-presentation.pdf\">Presentation<\/a>\u00a0&#8211;\u00a0<a href=\"http:\/\/www.seminar.hec.ulg.ac.be\/docs\/Sem05.09.13_JMoreno-abstract.pdf\">Abstract<\/a>\u00a0&#8211;\u00a0<a href=\"http:\/\/www.seminar.hec.ulg.ac.be\/docs\/Sem05.09.13_JMoreno-paper.pdf\">Paper<\/a><\/p>\n","protected":false},"excerpt":{"rendered":"<p>Programme 2005-2006 &nbsp; Mardi 20 juin 2006\u00a0de 12h30 \u00e0 14h00,\u00a0au S\u00e9minaire 7\u00a0(Sart Tilman, B\u00e2t. B31) S\u00e9minaire de gestion: Reprise d&rsquo;entreprise L\u2019analyse \u00e9quilibr\u00e9e des sympt\u00f4mes de d\u00e9s\u00e9quilibre de la PME \u00e0 reprendre, facteur-cl\u00e9 du succ\u00e8s du processus de reprise: l\u00e9gitimation th\u00e9orique<\/p>\n","protected":false},"author":1,"featured_media":0,"parent":21,"menu_order":0,"comment_status":"closed","ping_status":"closed","template":"","meta":{"_monsterinsights_skip_tracking":false,"_monsterinsights_sitenote_active":false,"_monsterinsights_sitenote_note":"","_monsterinsights_sitenote_category":0,"footnotes":""},"class_list":["post-36","page","type-page","status-publish","hentry"],"_links":{"self":[{"href":"http:\/\/seminar.hec.ulg.ac.be\/index.php\/wp-json\/wp\/v2\/pages\/36"}],"collection":[{"href":"http:\/\/seminar.hec.ulg.ac.be\/index.php\/wp-json\/wp\/v2\/pages"}],"about":[{"href":"http:\/\/seminar.hec.ulg.ac.be\/index.php\/wp-json\/wp\/v2\/types\/page"}],"author":[{"embeddable":true,"href":"http:\/\/seminar.hec.ulg.ac.be\/index.php\/wp-json\/wp\/v2\/users\/1"}],"replies":[{"embeddable":true,"href":"http:\/\/seminar.hec.ulg.ac.be\/index.php\/wp-json\/wp\/v2\/comments?post=36"}],"version-history":[{"count":1,"href":"http:\/\/seminar.hec.ulg.ac.be\/index.php\/wp-json\/wp\/v2\/pages\/36\/revisions"}],"predecessor-version":[{"id":37,"href":"http:\/\/seminar.hec.ulg.ac.be\/index.php\/wp-json\/wp\/v2\/pages\/36\/revisions\/37"}],"up":[{"embeddable":true,"href":"http:\/\/seminar.hec.ulg.ac.be\/index.php\/wp-json\/wp\/v2\/pages\/21"}],"wp:attachment":[{"href":"http:\/\/seminar.hec.ulg.ac.be\/index.php\/wp-json\/wp\/v2\/media?parent=36"}],"curies":[{"name":"wp","href":"https:\/\/api.w.org\/{rel}","templated":true}]}}