{"id":34,"date":"2018-04-25T12:01:59","date_gmt":"2018-04-25T10:01:59","guid":{"rendered":"http:\/\/blogs.hec.uliege.be\/~seminarwp\/?page_id=34"},"modified":"2018-04-25T12:01:59","modified_gmt":"2018-04-25T10:01:59","slug":"2004-2005","status":"publish","type":"page","link":"http:\/\/seminar.hec.ulg.ac.be\/index.php\/agenda\/2004-2005\/","title":{"rendered":"2004-2005"},"content":{"rendered":"<p align=\"center\"><span style=\"font-size: small;\"><b><span style=\"color: #ffcc66; font-family: Verdana, Arial, Helvetica, sans-serif;\">Programme 2004-2005<\/span><\/b><\/span><\/p>\n<p align=\"center\">\n<p align=\"center\">Mardi 28 juin 2005 de\u00a0<b>12h00<\/b>\u00a0\u00e0 14h \u00e0 la Salle du Conseil : Optimisation Multicrit\u00e8re<\/p>\n<p align=\"center\"><span style=\"color: #000033;\"><b>Prom\u00e9th\u00e9e, une m\u00e9thode robuste d&rsquo;aide \u00e0 la d\u00e9cision et d&rsquo;analyse de donn\u00e9es dans de nombreux domaines<\/b><br \/>\nintroduction par M. G. Colson, professeur \u00e0 HEC-ULg.<br \/>\n<a href=\"http:\/\/www.seminar.hec.ulg.ac.be\/docs\/Sem05.06.28_GColson-abstract.pdf\">Abstract<\/a>\u00a0&#8211;\u00a0<a href=\"http:\/\/www.seminar.hec.ulg.ac.be\/docs\/Sem05.06.28GColson-pres.ppt\">Pr\u00e9sentation<\/a><\/p>\n<p><b>M\u00e9thode Promethee : ses applications en gestion.<\/b><br \/>\npar M. Bertrand Mareschal, Professeur \u00e0 l&rsquo;ULB.<br \/>\n<a href=\"http:\/\/www.seminar.hec.ulg.ac.be\/docs\/Sem05.06.28BMareschal-pres.pdf\">Pr\u00e9sentation<\/a><\/p>\n<p><b>L&rsquo;application de Prom\u00e9th\u00e9e aux classements dynamiques des entreprises de t\u00e9l\u00e9communication au Maghreb<\/b>\u00a0, par M. Karim Sabri, doctorant \u00e0 HEC-ULg.<br \/>\n<a href=\"http:\/\/www.seminar.hec.ulg.ac.be\/docs\/Sem05.06.28_KSabri-abstract.pdf\">Abstract.pdf<\/a>\u00a0&#8211;\u00a0<a href=\"http:\/\/www.seminar.hec.ulg.ac.be\/docs\/Sem05.06.28KSabri-pres.ppt\">Pr\u00e9sentation<\/a><\/p>\n<p><\/span><\/p>\n<p><b>R\u00e9f\u00e9rences utiles :<\/b><\/p>\n<p>Livre sur les methodes multicrit\u00e8res PROMETHEE-GAIA :\u00a0<a href=\"http:\/\/www.eub.be\/ouvrage\/407d20753d083bb6c24ee1c2\">http:\/\/www.eub.be\/ouvrage\/407d20753d083bb6c24ee1c2<\/a><br \/>\nIDM \u2013 Innovative Decision for Management :\u00a0<a href=\"http:\/\/www.idm-belgium.com\/\">http:\/\/www.idm-belgium.com<\/a><br \/>\nQED \u2013 Quantifier Evaluer D\u00e9cider :\u00a0<a href=\"http:\/\/www.qed-solutions.com\/\">http:\/\/www.qed-solutions.com<\/a><\/p>\n<hr \/>\n<p>mardi 7 juin 2005 de 12h30 \u00e0 14h <b>au s\u00e9minaire 7 (niveau 2, aile gauche)<\/b>\u00a0: Marketing<\/p>\n<p align=\"center\"><span style=\"color: #000033;\"><b>Brand Valuation <\/b><\/span><\/p>\n<p>by M. Charles PAHUD DE MORTANGES, Professor at HEC-Ecole de Gestion de l&rsquo;Universit\u00e9 de Li\u00e8ge.<br \/>\n<a href=\"http:\/\/www.seminar.hec.ulg.ac.be\/docs\/Sem05.06.07_CPahud-abstract.pdf\">Abstract<\/a>\u00a0&#8211;\u00a0<a href=\"http:\/\/www.seminar.hec.ulg.ac.be\/docs\/Sem05.06.07_CPahud-presentation.pdf\">presentation<\/a><\/p>\n<hr \/>\n<p>Mardi 31 mai 2005 de 12h30 \u00e0 14h \u00e0 la Salle du Conseil<\/p>\n<p align=\"center\"><span style=\"color: #000033;\"><b>Credit migration and derivatives pricing using copulas\u00a0<\/b><\/span><\/p>\n<p>by M. Nicolas Papageorgiou, invited by Pr. Georges H\u00fcbner.<\/p>\n<p align=\"center\"><a href=\"http:\/\/www.seminar.hec.ulg.ac.be\/docs\/Sem05.05.31_Papageorgiou-paper.pdf\">Paper<\/a>\u00a0&#8211;\u00a0<a href=\"http:\/\/www.seminar.hec.ulg.ac.be\/docs\/Sem05.05.31_Papageorgiou-graph.pdf\">Graphs<\/a><\/p>\n<hr \/>\n<p>Mardi 17 mai 2005 de 12h30 \u00e0 14h \u00e0 la Salle du Conseil : Finance<\/p>\n<p align=\"center\"><span style=\"color: #000033;\"><b>Foreign Profitability and Dividend Policy :<br \/>\nSome Implications for the Cost of Capital<\/b><\/span><\/p>\n<p>par M. Robert Joliet, Aspirant FNRS \u00e0 HEC-Ecole de Gestion de l&rsquo;Ulg.<\/p>\n<p><a href=\"http:\/\/www.seminar.hec.ulg.ac.be\/docs\/Sem05.05.17_rjoliet-abstract.pdf\">abstract<\/a>\u00a0&#8211; presentation\u00a0<a href=\"http:\/\/www.seminar.hec.ulg.ac.be\/docs\/Sem05.05.17_rjoliet-presentation.ppt\">(ppt, 3Mb)<\/a>,\u00a0<a href=\"http:\/\/www.seminar.hec.ulg.ac.be\/docs\/Sem05.05.17_rjoliet-presentation.pdf\">(pdf)<\/a><\/p>\n<p align=\"center\"><span style=\"color: #000033;\"><b>HEC-Ulg Research Network :\u00a0<\/b><\/span>short presentation by Maud Bay.<\/p>\n<hr \/>\n<p>Mardi 3 mai 2005 de 12h30 \u00e0 14h \u00e0 la Salle du Conseil : Strat\u00e9gie<\/p>\n<p align=\"center\"><span style=\"color: #000033;\"><b>Evolution of Mergers\/Acquisitions and Strategic Alliances in high-technology sectors:<br \/>\nFrom Alliances to Mergers\u00a0<\/b><\/span><\/p>\n<p>by Mrs Sara VILLANUEVA, PHD student at Maastricht University.<br \/>\n<a href=\"http:\/\/www.seminar.hec.ulg.ac.be\/docs\/Sem05.05.03_svillanueva-abstract.pdf\">abstract<\/a>\u00a0&#8211;\u00a0<a href=\"http:\/\/www.seminar.hec.ulg.ac.be\/docs\/Sem05.05.03_svillanueva_presentation.ppt\">presentation<\/a><\/p>\n<hr \/>\n<p>Mercredi 13 avril 2005, de 13h \u00e0 14h30 \u00e0 la Salle du Conseil : Innovation<\/p>\n<p align=\"center\"><span style=\"color: #000033;\"><b>Cognitive Antecedents of Effective Decision-Making : an exploration<\/b><\/span><br \/>\npar Monsieur Allard VAN RIEL, Charg\u00e9 de cours &#8211; Chaire Arcelor ULG.<br \/>\n<a href=\"http:\/\/www.seminar.hec.ulg.ac.be\/docs\/Sem05.04.13_avanriel-abstract.pdf\">abstract<\/a>\u00a0&#8211;\u00a0<a href=\"http:\/\/www.seminar.hec.ulg.ac.be\/docs\/Sem05.04.13_VanRieletal.pdf\">Paper<\/a>\u00a0&#8211;\u00a0<a href=\"http:\/\/www.seminar.hec.ulg.ac.be\/docs\/Sem05.04.13_avanriel.ppt\">Presentation<\/a><\/p>\n<hr \/>\n<p>Vendredi 18 mars 2005, de 12h30 \u00e0 14h \u00e0 la Salle du Conseil : Actuariat<\/p>\n<p align=\"center\"><span style=\"color: #000033;\"><b>L&rsquo;introduction d&rsquo;une garantie minimum dans les plans de pension \u00e0 cotisations d\u00e9finies<\/b><\/span><br \/>\npar Madame Daphn\u00e9 DELEVAL, Retirement &amp; Investment Consulting, Watson Wyatt SA\/NV.<br \/>\n<a href=\"http:\/\/www.seminar.hec.ulg.ac.be\/docs\/Sem05.03.18_ddeleval-ppt.pdf\">pr\u00e9sentation<\/a><\/p>\n<hr \/>\n<p>Mardi 15 f\u00e9vrier 2005, de 12h30 \u00e0 14h \u00e0 la Salle du Conseil : Contr\u00f4le de gestion<\/p>\n<p align=\"center\"><span style=\"color: #000033;\"><b>Design des syst\u00e8mes de contr\u00f4le de gestion dans les spin-offs de haute technologie<\/b><\/span><br \/>\npar Monsieur Charles KABWIGIRI Assistant Ecole Gestion Ulg.<br \/>\n<a href=\"http:\/\/www.seminar.hec.ulg.ac.be\/docs\/Sem05.02.15_ckabwigiri.ppt\">pr\u00e9sentation power point<\/a><\/p>\n<hr \/>\n<p>Mardi 18 janvier 2005, de 12h30 \u00e0 14h00 \u00e0 la Salle du Conseil: Finance empirique<\/p>\n<p align=\"center\"><span style=\"color: #000033;\"><b>Dynamic asset allocation between stocks and bonds using the Bond-Equity Yield Ratio<\/b><\/span><br \/>\npar Monsieur Mikael PETITJEAN CIM-ICM Research Fellow at CeReFiM.<br \/>\n<a href=\"http:\/\/www.seminar.hec.ulg.ac.be\/docs\/Sem05.01.18_Petitjean_article.pdf\">article<\/a>\u00a0et\u00a0<a href=\"http:\/\/www.seminar.hec.ulg.ac.be\/docs\/Sem05.01.18_Petitjean_presentation.pdf\">pr\u00e9sentation power point<\/a><\/p>\n<hr \/>\n<p>Mardi 14 d\u00e9cembre 2004, de 13h30 \u00e0 15h00 au S\u00e9minaire VII : Finance internationale<\/p>\n<p align=\"center\"><span style=\"color: #000033;\"><b>Les enseignements de la privatisation dans les \u00e9conomies de l&rsquo;Est en transition : retour sur quelques id\u00e9es re\u00e7ues<\/b><\/span><br \/>\npar Monsieur Daniel LABARONNE<br \/>\nMembre du ROSES (r\u00e9formes et ouverture des syst\u00e8mes \u00e9conomiques post-socialistes).<br \/>\n<a href=\"http:\/\/www.seminar.hec.ulg.ac.be\/docs\/Sem04.12.14%20Labaronne%203.ppt\">pr\u00e9sentation power point<\/a>\u00a0et\u00a0<a href=\"http:\/\/www.seminar.hec.ulg.ac.be\/docs\/Sem04.12.14%20Labaronne%20Biblio.doc\">bibliographie<\/a><\/p>\n<hr \/>\n<p>Mardi 29\/09\/04 de 9h30 \u00e0 16h, \u00e0 la Salle du Conseil:<\/p>\n<p align=\"center\"><b>Journ\u00e9e en hommage aux Professeurs Christian DE BRUYN et Ren\u00e9 MOORS<\/b><br \/>\n<b>Regards crois\u00e9s sur la formation quantitative de gestionnaires.<\/b><\/p>\n<blockquote>\n<blockquote><p><a href=\"http:\/\/www.seminar.hec.ulg.ac.be\/docs\/Sem04.09.29_invit.pdf\" target=\"_blank\" rel=\"noopener\">Invitation d\u00e9taill\u00e9e et programme<\/a><\/p>\n<p><b>G\u00e9rard COLSON<\/b>\u00a0&#8211; Hommage \u00e0 Christian DE BRUYN\u00a0<a href=\"http:\/\/www.seminar.hec.ulg.ac.be\/docs\/Sem04.09.29_debruyn.pdf\" target=\"_blank\" rel=\"noopener\">Texte<\/a><\/p>\n<p><b>Henri BORN<\/b>\u00a0&#8211; Hommage \u00e0 Ren\u00e9 MOORS\u00a0<a href=\"http:\/\/www.seminar.hec.ulg.ac.be\/docs\/Sem04.09.29_moors.pdf\" target=\"_blank\" rel=\"noopener\">Texte<\/a><\/p>\n<p><b>Yves CRAMA<\/b>\u00a0&#8211; 30 ans de recherche op\u00e9rationnelle et d&rsquo;optimisation\u00a0<a href=\"http:\/\/www.seminar.hec.ulg.ac.be\/docs\/Sem04.09.29_crama.pps\" target=\"_blank\" rel=\"noopener\">Pr\u00e9sentation powerpoint<\/a><\/p>\n<p><b>Louis ESCH<\/b>\u00a0&#8211; Probabilit\u00e9 risque-neutre, arbitrage et martingales\u00a0<a href=\"http:\/\/www.seminar.hec.ulg.ac.be\/docs\/Sem04.09.29_esch.pdf\" target=\"_blank\" rel=\"noopener\">Pr\u00e9sentation<\/a><\/p><\/blockquote>\n<\/blockquote>\n<p>&nbsp;<\/p>\n","protected":false},"excerpt":{"rendered":"<p>Programme 2004-2005 Mardi 28 juin 2005 de\u00a012h00\u00a0\u00e0 14h \u00e0 la Salle du Conseil : Optimisation Multicrit\u00e8re Prom\u00e9th\u00e9e, une m\u00e9thode robuste d&rsquo;aide \u00e0 la d\u00e9cision et d&rsquo;analyse de donn\u00e9es dans de nombreux domaines introduction par M. G. Colson, professeur \u00e0 HEC-ULg.<\/p>\n","protected":false},"author":1,"featured_media":0,"parent":21,"menu_order":0,"comment_status":"closed","ping_status":"closed","template":"","meta":{"_monsterinsights_skip_tracking":false,"_monsterinsights_sitenote_active":false,"_monsterinsights_sitenote_note":"","_monsterinsights_sitenote_category":0,"footnotes":""},"class_list":["post-34","page","type-page","status-publish","hentry"],"_links":{"self":[{"href":"http:\/\/seminar.hec.ulg.ac.be\/index.php\/wp-json\/wp\/v2\/pages\/34"}],"collection":[{"href":"http:\/\/seminar.hec.ulg.ac.be\/index.php\/wp-json\/wp\/v2\/pages"}],"about":[{"href":"http:\/\/seminar.hec.ulg.ac.be\/index.php\/wp-json\/wp\/v2\/types\/page"}],"author":[{"embeddable":true,"href":"http:\/\/seminar.hec.ulg.ac.be\/index.php\/wp-json\/wp\/v2\/users\/1"}],"replies":[{"embeddable":true,"href":"http:\/\/seminar.hec.ulg.ac.be\/index.php\/wp-json\/wp\/v2\/comments?post=34"}],"version-history":[{"count":1,"href":"http:\/\/seminar.hec.ulg.ac.be\/index.php\/wp-json\/wp\/v2\/pages\/34\/revisions"}],"predecessor-version":[{"id":35,"href":"http:\/\/seminar.hec.ulg.ac.be\/index.php\/wp-json\/wp\/v2\/pages\/34\/revisions\/35"}],"up":[{"embeddable":true,"href":"http:\/\/seminar.hec.ulg.ac.be\/index.php\/wp-json\/wp\/v2\/pages\/21"}],"wp:attachment":[{"href":"http:\/\/seminar.hec.ulg.ac.be\/index.php\/wp-json\/wp\/v2\/media?parent=34"}],"curies":[{"name":"wp","href":"https:\/\/api.w.org\/{rel}","templated":true}]}}