{"id":31,"date":"2018-04-25T12:01:34","date_gmt":"2018-04-25T10:01:34","guid":{"rendered":"http:\/\/blogs.hec.uliege.be\/~seminarwp\/?page_id=31"},"modified":"2018-04-25T12:05:30","modified_gmt":"2018-04-25T10:05:30","slug":"2003-2004","status":"publish","type":"page","link":"http:\/\/seminar.hec.ulg.ac.be\/index.php\/agenda\/2003-2004\/","title":{"rendered":"2003-2004"},"content":{"rendered":"<p align=\"center\"><span style=\"font-size: small;\"><b><span style=\"color: #ffcc66; font-family: Verdana, Arial, Helvetica, sans-serif;\">Programme 2003-2004<\/span><\/b><\/span><\/p>\n<hr \/>\n<p><span style=\"font-family: Verdana, Arial, Helvetica, sans-serif;\"><b>ma 07\/09\/04: S\u00e9minaire d&rsquo;informatique de gestion &#8211;\u00a0<\/b>Un neurone \u00e9l\u00e9mentaire : Introduction th\u00e9orique et application pratique \u00e0 un probl\u00e8me de pr\u00e9diction de grades d\u2019\u00e9tudiants<\/span><\/p>\n<blockquote>\n<blockquote><p><span style=\"font-family: Verdana, Arial, Helvetica, sans-serif;\"><i>Intervenante:\u00a0<\/i><b>C\u00e9cile Fauconnier\u00a0<\/b>(Service d&rsquo;informatique de gestion, ULg)<\/span><\/p>\n<p><span style=\"font-family: Verdana, Arial, Helvetica, sans-serif;\"><i>Horaire:\u00a0<\/i>12h30-14h, Salle du Conseil (B31)<\/span><\/p>\n<p><span style=\"font-family: Verdana, Arial, Helvetica, sans-serif;\"><a href=\"http:\/\/www.seminar.hec.ulg.ac.be\/docs\/Sem04.09.07_cfauconnier.pdf\" target=\"_blank\" rel=\"noopener\"><i>R\u00e9sum\u00e9<\/i><\/a><\/span><\/p>\n<p><span style=\"font-family: Verdana, Arial, Helvetica, sans-serif;\"><a href=\"http:\/\/www.seminar.hec.ulg.ac.be\/docs\/Sem04.09.07_cfauconnier.pps\" target=\"_blank\" rel=\"noopener\"><i>Pr\u00e9sentation powerpoint<\/i><\/a><\/span><\/p><\/blockquote>\n<\/blockquote>\n<hr \/>\n<p><span style=\"font-family: Verdana, Arial, Helvetica, sans-serif;\"><b>ma 08\/06\/04: S\u00e9minaire de m\u00e9thodologie de la recherche en gestion &#8211;\u00a0<\/b>Les ressources \u00e0 disposition des chercheurs en gestion<\/span><\/p>\n<blockquote>\n<blockquote><p><span style=\"font-family: Verdana, Arial, Helvetica, sans-serif;\"><i>Horaire:\u00a0<\/i>12h-14h, Salle du Conseil (B31)<\/span><\/p>\n<p><span style=\"font-family: Verdana, Arial, Helvetica, sans-serif;\"><b>1\u00e8re partie: Les ressources documentaires num\u00e9riques du R\u00e9seau des biblioth\u00e8ques: orientations pour les chercheurs en gestion<\/b><\/span><\/p>\n<blockquote><p><span style=\"font-family: Verdana, Arial, Helvetica, sans-serif;\"><i>Intervenant:\u00a0<\/i><b>Eric Geerkens\u00a0<\/b>(R\u00e9seau des biblioth\u00e8ques, ULg)<\/span><\/p><\/blockquote>\n<p><span style=\"font-family: Verdana, Arial, Helvetica, sans-serif;\"><b>2\u00e8re partie: Pr\u00e9sentation des bases de donn\u00e9es Belfirt, Thompson Financial et JCF Quant<br \/>\n<\/b><\/span><\/p>\n<blockquote><p><span style=\"font-family: Verdana, Arial, Helvetica, sans-serif;\"><i>Intervenants:\u00a0<\/i><b>Andr\u00e9e Dighaye, Robert Joliet et Anh Nguyen\u00a0<\/b>(ULg)<\/span><\/p>\n<p><span style=\"font-family: Verdana, Arial, Helvetica, sans-serif;\"><i><a href=\"http:\/\/www.seminar.hec.ulg.ac.be\/docs\/Sem04.06.08_bdd.pps\" target=\"_blank\" rel=\"noopener\">Pr\u00e9sentation powerpoint<\/a><\/i><\/span><\/p><\/blockquote>\n<\/blockquote>\n<\/blockquote>\n<hr \/>\n<p><span style=\"font-family: Verdana, Arial, Helvetica, sans-serif;\"><b>ma 30\/03\/04: S\u00e9minaire de Recherche Op\u00e9rationnelle &#8211;\u00a0<\/b>Deux cas d\u2019application de la R.O. en gestion de production: Planification de production \u00e0 court terme (GSK), Optimisation des recettes de fabrication (Arcelor)<\/span><\/p>\n<blockquote>\n<blockquote><p><span style=\"font-family: Verdana, Arial, Helvetica, sans-serif;\"><i>Intervenant:\u00a0<\/i><b>Yves Pochet\u00a0<\/b>(Center for Operations Research and Econometrics, UCL)<\/span><\/p>\n<p><span style=\"font-family: Verdana, Arial, Helvetica, sans-serif;\"><i>Horaire:\u00a0<\/i>12h30-14h, Salle du Conseil (B31)<\/span><\/p>\n<p><span style=\"font-family: Verdana, Arial, Helvetica, sans-serif;\"><i><a href=\"http:\/\/www.seminar.hec.ulg.ac.be\/docs\/Sem04.03.30_ypochet.pps\" target=\"_blank\" rel=\"noopener\">Pr\u00e9sentation powerpoint<\/a><\/i><\/span><\/p><\/blockquote>\n<\/blockquote>\n<hr \/>\n<p><span style=\"font-family: Verdana, Arial, Helvetica, sans-serif;\"><b>ve 19\/03\/04: Application de la statistique en \u00e9conomie, gestion et sciences sociales<\/b><\/span><\/p>\n<blockquote>\n<blockquote><p><span style=\"font-family: Verdana, Arial, Helvetica, sans-serif;\"><i>Intervenants:\u00a0<\/i><b>Fr\u00e9d\u00e9ric Heselmans<\/b>\u00a0(D\u00e9partement de Sociologie, ULg) et\u00a0<b>Aline M\u00fcller<\/b>\u00a0(Limburg Institute of Financial Economics, Maastricht University)<\/span><\/p>\n<p><span style=\"font-family: Verdana, Arial, Helvetica, sans-serif;\"><i>Horaire:\u00a0<\/i>12h-14h, local 0\/36 (B37, Institut de Math\u00e9matique)<\/span><\/p>\n<p><span style=\"font-family: Verdana, Arial, Helvetica, sans-serif;\"><i>1\u00e8re partie (12h)<\/i>: Les outils statistiques de la recherche appliqu\u00e9e en sciences sociales. Une br\u00e8ve exploration pragamatico-\u00e9pist\u00e9mologique, par Fr\u00e9d\u00e9ric Heselmans<\/span><\/p>\n<p><span style=\"font-family: Verdana, Arial, Helvetica, sans-serif;\"><i><a href=\"http:\/\/www.seminar.hec.ulg.ac.be\/docs\/Sem04.03.19_fheselmans.pdf\" target=\"_blank\" rel=\"noopener\">R\u00e9sum\u00e9<\/a><\/i><\/span><\/p>\n<p><i><span style=\"font-family: Verdana, Arial, Helvetica, sans-serif;\"><a href=\"http:\/\/www.seminar.hec.ulg.ac.be\/docs\/Sem04.03.19_fheselmans.pps\" target=\"_blank\" rel=\"noopener\">Pr\u00e9sentation powerpoint<\/a><\/span><\/i><\/p>\n<p><span style=\"font-family: Verdana, Arial, Helvetica, sans-serif;\"><i>2\u00e8me partie (13h)<\/i>: The exchange rate risk of US multinationals: selected issues, par Aline M\u00fcller<\/span><\/p>\n<p><span style=\"font-family: Verdana, Arial, Helvetica, sans-serif;\"><i><a href=\"http:\/\/www.seminar.hec.ulg.ac.be\/docs\/Sem04.03.19_amuller.pdf\" target=\"_blank\" rel=\"noopener\">R\u00e9sum\u00e9<\/a><\/i><\/span><\/p><\/blockquote>\n<\/blockquote>\n<hr \/>\n<p><span style=\"font-family: Verdana, Arial, Helvetica, sans-serif;\"><b>je 19\/02\/04: S\u00e9minaire de strat\u00e9gie &#8211;\u00a0<\/b>Echange autour des outils d&rsquo;analyse des strat\u00e9gies de commerce \u00e9lectronique des entreprises<\/span><\/p>\n<blockquote>\n<blockquote><p><span style=\"font-family: Verdana, Arial, Helvetica, sans-serif;\"><i>Intervenante:\u00a0<\/i><b>Lucie Begin\u00a0<\/b>(Haute Ecole de Gestion de Gen\u00e8ve)<\/span><\/p>\n<p><span style=\"font-family: Verdana, Arial, Helvetica, sans-serif;\"><i>Horaire:\u00a0<\/i>12h30-14h, Trifac I (B33)<\/span><\/p>\n<p><span style=\"font-family: Verdana, Arial, Helvetica, sans-serif;\"><a href=\"http:\/\/www.seminar.hec.ulg.ac.be\/docs\/Sem04.02.19_lbegin.pps\" target=\"_blank\" rel=\"noopener\"><i>Pr\u00e9sentation powerpoint<\/i><\/a><\/span><\/p>\n<p><i><span style=\"font-family: Verdana, Arial, Helvetica, sans-serif;\"><a href=\"http:\/\/www.seminar.hec.ulg.ac.be\/docs\/Sem04.02.19_lbegin-article.pdf\" target=\"_blank\" rel=\"noopener\">Article<\/a><\/span><\/i><\/p>\n<p><i><span style=\"font-family: Verdana, Arial, Helvetica, sans-serif;\"><a href=\"http:\/\/www.seminar.hec.ulg.ac.be\/docs\/Sem04.02.19_lbegin-publications.pdf\" target=\"_blank\" rel=\"noopener\">Publications<\/a><\/span><\/i><\/p><\/blockquote>\n<\/blockquote>\n<hr \/>\n<p><span style=\"font-family: Verdana, Arial, Helvetica, sans-serif;\"><b>ma 03\/02\/04: S\u00e9minaire de finance &#8211;\u00a0<\/b>How to reduce capital requirement? The case of retail portfolios with low probability of default<\/span><\/p>\n<blockquote>\n<blockquote><p><span style=\"font-family: Verdana, Arial, Helvetica, sans-serif;\"><i>Intervenante:\u00a0<\/i><b>Marie-Paule Laurent\u00a0<\/b>(Ecole de Commerce Solvay, ULB)<\/span><\/p>\n<p><span style=\"font-family: Verdana, Arial, Helvetica, sans-serif;\"><i>Horaire:\u00a0<\/i>12h30-14h, Salle du Conseil (B31)<\/span><\/p>\n<p><span style=\"font-family: Verdana, Arial, Helvetica, sans-serif;\"><i><a href=\"http:\/\/www.seminar.hec.ulg.ac.be\/docs\/Sem04.02.03_mplaurent.PDF\" target=\"_blank\" rel=\"noopener\">R\u00e9sum\u00e9<\/a><\/i><\/span><\/p>\n<p><i><span style=\"font-family: Verdana, Arial, Helvetica, sans-serif;\"><a href=\"http:\/\/www.seminar.hec.ulg.ac.be\/docs\/Sem04.02.03_mplaurent.pps\" target=\"_blank\" rel=\"noopener\">Pr\u00e9sentation powerpoint<\/a><\/span><\/i><\/p>\n<p><i><span style=\"font-family: Verdana, Arial, Helvetica, sans-serif;\"><a href=\"http:\/\/www.seminar.hec.ulg.ac.be\/docs\/Sem04.02.03_mplaurent-article.pdf\" target=\"_blank\" rel=\"noopener\">Article<\/a><\/span><\/i><\/p><\/blockquote>\n<\/blockquote>\n<hr \/>\n<p><span style=\"font-family: Verdana, Arial, Helvetica, sans-serif;\"><b>ve 12\/12\/03: S\u00e9minaire de m\u00e9thodologie de la recherche &#8211;<\/b>\u00a0L&rsquo;approche\u00a0<i>Data Mining<\/i>\u00a0et ses applications<\/span><\/p>\n<blockquote>\n<blockquote><p><span style=\"font-family: Verdana, Arial, Helvetica, sans-serif;\"><i>Intervenant:\u00a0<\/i><b>Philippe Mack et Dominique Archambeau<\/b>\u00a0(PEPITe SA, Spin-off ULg)<\/span><\/p>\n<p><span style=\"font-family: Verdana, Arial, Helvetica, sans-serif;\"><i>Horaire:\u00a0<\/i>12h-14h, Salle du Conseil (B31)<\/span><\/p>\n<p><span style=\"font-family: Verdana, Arial, Helvetica, sans-serif;\"><i><a href=\"http:\/\/www.seminar.hec.ulg.ac.be\/docs\/Sem03.12.12_pmack.PDF\" target=\"_blank\" rel=\"noopener\">R\u00e9sum\u00e9<\/a><\/i><\/span><\/p>\n<p><i><span style=\"font-family: Verdana, Arial, Helvetica, sans-serif;\"><a href=\"http:\/\/www.seminar.hec.ulg.ac.be\/docs\/Sem03.12.12_pmack.pps\">Pr\u00e9sentation powerpoint<\/a><\/span><\/i><\/p><\/blockquote>\n<\/blockquote>\n<hr \/>\n<p><span style=\"font-family: Verdana, Arial, Helvetica, sans-serif;\"><b>ma 02\/12\/03: S\u00e9minaire d&rsquo;\u00e9pist\u00e9mologie &#8211;<\/b>\u00a0Epist\u00e9mologie, postmodernisme et finance<\/span><\/p>\n<blockquote>\n<blockquote><p><span style=\"font-family: Verdana, Arial, Helvetica, sans-serif;\"><i>Intervenant:\u00a0<\/i><b>Christophe Schinkus\u00a0<\/b>(St-Louis Bruxelles, Sorbonne Paris)<\/span><\/p>\n<p><span style=\"font-family: Verdana, Arial, Helvetica, sans-serif;\"><i>Horaire:\u00a0<\/i>12h-13h30, S\u00e9minaire 6 (B31)<\/span><\/p>\n<p><span style=\"font-family: Verdana, Arial, Helvetica, sans-serif;\"><a href=\"http:\/\/www.seminar.hec.ulg.ac.be\/docs\/Sem03.12.02_cschinckus.pps\" target=\"_blank\" rel=\"noopener\"><i>Pr\u00e9sentation powerpoint<\/i><\/a><\/span><\/p><\/blockquote>\n<\/blockquote>\n<hr \/>\n<p><span style=\"font-family: Verdana, Arial, Helvetica, sans-serif;\"><b>ma 18\/11\/03: S\u00e9minaire de finance &#8211;\u00a0<\/b>Les stocks options en p\u00e9riode de d\u00e9croissance boursi\u00e8re: une r\u00e9flexion sur les conflits d&rsquo;agence<\/span><\/p>\n<blockquote>\n<blockquote><p><span style=\"font-family: Verdana, Arial, Helvetica, sans-serif;\"><i>Intervenante:\u00a0<\/i><b>Andr\u00e9e Dighaye<\/b>\u00a0(ULg)<\/span><\/p>\n<p><span style=\"font-family: Verdana, Arial, Helvetica, sans-serif;\"><i>Horaire:\u00a0<\/i>12h30-14h, Salle du Conseil (B31)<\/span><\/p>\n<p><span style=\"font-family: Verdana, Arial, Helvetica, sans-serif;\"><i><a href=\"http:\/\/www.seminar.hec.ulg.ac.be\/docs\/Sem03.11-18_adighaye.PDF\" target=\"_blank\" rel=\"noopener\">R\u00e9sum\u00e9<\/a><\/i><\/span><\/p>\n<p><i><span style=\"font-family: Verdana, Arial, Helvetica, sans-serif;\"><a href=\"http:\/\/www.seminar.hec.ulg.ac.be\/docs\/Sem03.11.18_adighaye.pps\" target=\"_blank\" rel=\"noopener\">Pr\u00e9sentation powerpoint<\/a><\/span><\/i><\/p><\/blockquote>\n<\/blockquote>\n<hr \/>\n<p><span style=\"font-family: Verdana, Arial, Helvetica, sans-serif;\"><b>ma 04\/11\/03: S\u00e9minaire d&rsquo;entreprenariat &#8211;\u00a0<\/b>La pauvret\u00e9 chez les entrepreneurs ind\u00e9pendants: une r\u00e9alit\u00e9 m\u00e9connue<\/span><\/p>\n<blockquote>\n<blockquote><p><span style=\"font-family: Verdana, Arial, Helvetica, sans-serif;\"><i>Intervenant:\u00a0<\/i><b>Johan Lambrecht<\/b>\u00a0(Centre d&rsquo;Etudes pour l&rsquo;Entreprenariat, KUB)<\/span><\/p>\n<p><span style=\"font-family: Verdana, Arial, Helvetica, sans-serif;\"><i>Horaire:\u00a0<\/i>12h30-14h, Salle du Conseil (B31)<\/span><\/p>\n<p><span style=\"font-family: Verdana, Arial, Helvetica, sans-serif;\"><a href=\"http:\/\/www.seminar.hec.ulg.ac.be\/docs\/Sem03.11.04_jlambrecht.PDF\" target=\"_blank\" rel=\"noopener\"><i>R\u00e9sum\u00e9<\/i><\/a><\/span><\/p>\n<p><i><span style=\"font-family: Verdana, Arial, Helvetica, sans-serif;\"><a href=\"http:\/\/www.seminar.hec.ulg.ac.be\/docs\/Sem03.11.04_jlambrecht-article.pdf\" target=\"_blank\" rel=\"noopener\">Communiqu\u00e9 de presse<\/a><\/span><\/i><\/p>\n<p><i><span style=\"font-family: Verdana, Arial, Helvetica, sans-serif;\"><a href=\"http:\/\/www.seminar.hec.ulg.ac.be\/docs\/Sem03.11.04_jlambrecht.pps\" target=\"_blank\" rel=\"noopener\">Pr\u00e9sentation powerpoint<\/a><\/span><\/i><\/p><\/blockquote>\n<\/blockquote>\n","protected":false},"excerpt":{"rendered":"<p>Programme 2003-2004 ma 07\/09\/04: S\u00e9minaire d&rsquo;informatique de gestion &#8211;\u00a0Un neurone \u00e9l\u00e9mentaire : Introduction th\u00e9orique et application pratique \u00e0 un probl\u00e8me de pr\u00e9diction de grades d\u2019\u00e9tudiants Intervenante:\u00a0C\u00e9cile Fauconnier\u00a0(Service d&rsquo;informatique de gestion, ULg) Horaire:\u00a012h30-14h, Salle du Conseil (B31) R\u00e9sum\u00e9 Pr\u00e9sentation powerpoint ma<\/p>\n","protected":false},"author":1,"featured_media":0,"parent":21,"menu_order":0,"comment_status":"closed","ping_status":"closed","template":"","meta":{"_monsterinsights_skip_tracking":false,"_monsterinsights_sitenote_active":false,"_monsterinsights_sitenote_note":"","_monsterinsights_sitenote_category":0,"footnotes":""},"class_list":["post-31","page","type-page","status-publish","hentry"],"_links":{"self":[{"href":"http:\/\/seminar.hec.ulg.ac.be\/index.php\/wp-json\/wp\/v2\/pages\/31"}],"collection":[{"href":"http:\/\/seminar.hec.ulg.ac.be\/index.php\/wp-json\/wp\/v2\/pages"}],"about":[{"href":"http:\/\/seminar.hec.ulg.ac.be\/index.php\/wp-json\/wp\/v2\/types\/page"}],"author":[{"embeddable":true,"href":"http:\/\/seminar.hec.ulg.ac.be\/index.php\/wp-json\/wp\/v2\/users\/1"}],"replies":[{"embeddable":true,"href":"http:\/\/seminar.hec.ulg.ac.be\/index.php\/wp-json\/wp\/v2\/comments?post=31"}],"version-history":[{"count":1,"href":"http:\/\/seminar.hec.ulg.ac.be\/index.php\/wp-json\/wp\/v2\/pages\/31\/revisions"}],"predecessor-version":[{"id":33,"href":"http:\/\/seminar.hec.ulg.ac.be\/index.php\/wp-json\/wp\/v2\/pages\/31\/revisions\/33"}],"up":[{"embeddable":true,"href":"http:\/\/seminar.hec.ulg.ac.be\/index.php\/wp-json\/wp\/v2\/pages\/21"}],"wp:attachment":[{"href":"http:\/\/seminar.hec.ulg.ac.be\/index.php\/wp-json\/wp\/v2\/media?parent=31"}],"curies":[{"name":"wp","href":"https:\/\/api.w.org\/{rel}","templated":true}]}}