{"id":28,"date":"2018-04-25T12:00:49","date_gmt":"2018-04-25T10:00:49","guid":{"rendered":"http:\/\/blogs.hec.uliege.be\/~seminarwp\/?page_id=28"},"modified":"2018-04-25T12:01:12","modified_gmt":"2018-04-25T10:01:12","slug":"2002-2003","status":"publish","type":"page","link":"http:\/\/seminar.hec.ulg.ac.be\/index.php\/agenda\/2002-2003\/","title":{"rendered":"2002-2003"},"content":{"rendered":"<p align=\"center\"><span style=\"font-size: small;\"><b><span style=\"color: #ffcc66; font-family: Verdana, Arial, Helvetica, sans-serif;\">Programme 2002-2003<\/span><\/b><\/span><\/p>\n<hr \/>\n<p><span style=\"font-family: Verdana, Arial, Helvetica, sans-serif;\"><b>me 09\/07\/03: S\u00e9minaire de Gestion &#8211;\u00a0<\/b>Publier ou P\u00e9rir?: perspectives de survie<\/span><\/p>\n<blockquote>\n<blockquote>\n<blockquote><p><span style=\"font-family: Verdana, Arial, Helvetica, sans-serif;\"><i>Intervenante:\u00a0<\/i>Ann LANGLEY, Professeur et Directrice des programmes de M.Sc. et de Ph.D. \u00e0 HEC-Montr\u00e9al<br \/>\n<\/span><\/p>\n<p><span style=\"font-family: Verdana, Arial, Helvetica, sans-serif;\"><i>Lieu:\u00a0<\/i>Salle du Conseil (B31), 9h30-12h<\/span><\/p>\n<p><span style=\"font-family: Verdana, Arial, Helvetica, sans-serif;\"><a href=\"http:\/\/www.seminar.hec.ulg.ac.be\/docs\/Sem03.07.09_alangley.pps\"><i>Pr\u00e9sentation powerpoint<\/i><\/a><\/span><\/p><\/blockquote>\n<\/blockquote>\n<\/blockquote>\n<hr \/>\n<p><span style=\"font-family: Verdana, Arial, Helvetica, sans-serif;\"><b>ma 10\/06\/03: S\u00e9minaire de Finance &#8211;\u00a0<\/b>Development Path and Capital Structure of Belgian Biotechnology Firms<\/span><\/p>\n<blockquote>\n<blockquote>\n<blockquote><p><span style=\"font-family: Verdana, Arial, Helvetica, sans-serif;\"><i>Intervenante:\u00a0<\/i>V\u00e9ronique BASTIN (ULG)<\/span><\/p>\n<p><span style=\"font-family: Verdana, Arial, Helvetica, sans-serif;\"><i>Lieu:\u00a0<\/i>Salle du Conseil (B31), 12h-13H30<\/span><\/p>\n<p><span style=\"font-family: Verdana, Arial, Helvetica, sans-serif;\"><a href=\"http:\/\/www.seminar.hec.ulg.ac.be\/docs\/Sem03.06.10_vbastin.PDF\" target=\"_blank\" rel=\"noopener\"><i>R\u00e9sum\u00e9<\/i><\/a><\/span><\/p>\n<p><span style=\"font-family: Verdana, Arial, Helvetica, sans-serif;\"><a href=\"http:\/\/www.seminar.hec.ulg.ac.be\/docs\/Sem03.06.10_vbastin-article.pdf\" target=\"_blank\" rel=\"noopener\"><i>Article<\/i><\/a><\/span><\/p>\n<p><span style=\"font-family: Verdana, Arial, Helvetica, sans-serif;\"><a href=\"http:\/\/www.seminar.hec.ulg.ac.be\/docs\/Sem03.06.10_vbastin.pps\"><i>Pr\u00e9sentation powerpoint<\/i><\/a><\/span><\/p><\/blockquote>\n<\/blockquote>\n<\/blockquote>\n<hr \/>\n<p><span style=\"font-family: Verdana, Arial, Helvetica, sans-serif;\"><b>ma 06\/05\/03: S\u00e9minaire de Marketing &#8211;\u00a0<\/b>Recycling Marketing with a consumer behaviour perspective<\/span><\/p>\n<blockquote>\n<blockquote>\n<blockquote><p><span style=\"font-family: Verdana, Arial, Helvetica, sans-serif;\"><i>Intervenant:\u00a0<\/i>Gonzalo D\u00edaz MENESES (Universidad de Las Palmas de Gran Canaria)<br \/>\n<\/span><\/p>\n<p><span style=\"font-family: Verdana, Arial, Helvetica, sans-serif;\"><i>Lieu:\u00a0<\/i>auditoire Mahaim (B31), 11h30-13H<\/span><\/p><\/blockquote>\n<\/blockquote>\n<\/blockquote>\n<hr \/>\n<p><span style=\"font-family: Verdana, Arial, Helvetica, sans-serif;\"><b>ma 25\/03\/03: S\u00e9minaire de Finance &#8211;\u00a0<\/b>L&rsquo;internationalisation de la firme et le risque syst\u00e9matique : une approche multidimensionnelle<\/span><\/p>\n<blockquote>\n<blockquote>\n<blockquote><p><span style=\"font-family: Verdana, Arial, Helvetica, sans-serif;\"><i>Intervenant:\u00a0<\/i>Robert JOLIET (ULG)<\/span><\/p>\n<p><span style=\"font-family: Verdana, Arial, Helvetica, sans-serif;\"><i>Lieu:\u00a0<\/i>S\u00e9minaire 6 (B31), 12h-13H30<\/span><\/p>\n<p><span style=\"font-family: Verdana, Arial, Helvetica, sans-serif;\"><a href=\"http:\/\/www.seminar.hec.ulg.ac.be\/docs\/Sem03.03.25_rjoliet.PDF\" target=\"_blank\" rel=\"noopener\"><i>R\u00e9sum\u00e9<\/i><\/a><\/span><\/p>\n<p><span style=\"font-family: Verdana, Arial, Helvetica, sans-serif;\"><a href=\"http:\/\/www.seminar.hec.ulg.ac.be\/docs\/Sem03.03.25_rjoliet-article.pdf\" target=\"_blank\" rel=\"noopener\"><i>Article<\/i><\/a><\/span><\/p>\n<p><span style=\"font-family: Verdana, Arial, Helvetica, sans-serif;\"><a href=\"http:\/\/www.seminar.hec.ulg.ac.be\/docs\/Sem03.03.25_rjoliet.pps\"><i>Pr\u00e9sentation powerpoint<\/i><\/a><\/span><\/p><\/blockquote>\n<\/blockquote>\n<\/blockquote>\n<hr \/>\n<p><span style=\"font-family: Verdana, Arial, Helvetica, sans-serif;\"><b>me 12\/03\/03: S\u00e9minaire de Strat\u00e9gie Entreprenariale &#8211;\u00a0<\/b>La commercialisation de r\u00e9sultats de la recherche acad\u00e9mique par l&rsquo;essaimage de \u00a0\u00bb spin-offs \u00ab\u00a0<\/span><\/p>\n<blockquote>\n<blockquote>\n<blockquote><p><span style=\"font-family: Verdana, Arial, Helvetica, sans-serif;\"><i>Intervenant:\u00a0<\/i>Jean-Jacques DEGROOF (MIT)<\/span><\/p>\n<p><span style=\"font-family: Verdana, Arial, Helvetica, sans-serif;\"><i>Lieu:\u00a0<\/i>S\u00e9minaire 3 (B31), 12h-14h<\/span><\/p>\n<p><span style=\"font-family: Verdana, Arial, Helvetica, sans-serif;\"><a href=\"http:\/\/www.seminar.hec.ulg.ac.be\/docs\/Sem03.03.12_jjdegroof.pps\" target=\"_blank\" rel=\"noopener\"><i>Pr\u00e9sentation powerpoint<\/i><\/a>\u00a0(attention: version corrig\u00e9e)<\/span><\/p><\/blockquote>\n<\/blockquote>\n<\/blockquote>\n<hr \/>\n<p><span style=\"font-family: Verdana, Arial, Helvetica, sans-serif;\"><b>ma 11\/02\/03: S\u00e9minaire de Math\u00e9matiques Appliqu\u00e9es \u00e0 l&rsquo;Economie et \u00e0 la Gestion &#8211;\u00a0<\/b>Les hyperr\u00e9els en analyse: historique et d\u00e9veloppements en rapport avec l&rsquo;\u00e9conomie<\/span><\/p>\n<blockquote>\n<blockquote>\n<blockquote><p><span style=\"font-family: Verdana, Arial, Helvetica, sans-serif;\"><i>Intervenants:\u00a0<\/i>Jacques BAIR et Val\u00e9rie HENRY (ULG)<\/span><\/p>\n<p><span style=\"font-family: Verdana, Arial, Helvetica, sans-serif;\"><i>Lieu:<\/i>\u00a0S\u00e9minaire 6 (B31), 12h30-14h<\/span><\/p>\n<p><span style=\"font-family: Verdana, Arial, Helvetica, sans-serif;\"><a href=\"http:\/\/www.seminar.hec.ulg.ac.be\/docs\/Sem03.02.11_jbair_vhenry.PDF\" target=\"_blank\" rel=\"noopener\"><i>R\u00e9sum\u00e9<\/i><\/a><\/span><\/p>\n<p><span style=\"font-family: Verdana, Arial, Helvetica, sans-serif;\"><a href=\"http:\/\/www.seminar.hec.ulg.ac.be\/docs\/Sem03.02.11_vhenry.pdf\" target=\"_blank\" rel=\"noopener\"><i>Article<\/i><\/a><\/span><\/p>\n<p><span style=\"font-family: Verdana, Arial, Helvetica, sans-serif;\"><a href=\"http:\/\/www.seminar.hec.ulg.ac.be\/docs\/Sem03.02.11_vhenry.pps\" target=\"_blank\" rel=\"noopener\"><i>Pr\u00e9sentation powerpoint<\/i><\/a><\/span><\/p><\/blockquote>\n<\/blockquote>\n<\/blockquote>\n<hr \/>\n<p><span style=\"font-family: Verdana, Arial, Helvetica, sans-serif;\"><b>me 18\/12\/02: S\u00e9minaire de Marketing\u00a0<\/b>&#8211; Perceptions et r\u00e9actions des consommateurs face aux responsabilit\u00e9s sociales des entreprises<\/span><\/p>\n<blockquote>\n<blockquote>\n<blockquote><p><span style=\"font-family: Verdana, Arial, Helvetica, sans-serif;\"><i>Intervenante:\u00a0<\/i>Val\u00e9rie SWAEN (Aspirant FNRS-Bernheim \u00e0 l&rsquo;UCL- assistante de recherche \u00e0 l&rsquo;IESEG Lille)<\/span><\/p>\n<p><span style=\"font-family: Verdana, Arial, Helvetica, sans-serif;\"><i>Lieu:\u00a0<\/i>Salle du conseil (B31), 12h<\/span><\/p>\n<p><span style=\"font-family: Verdana, Arial, Helvetica, sans-serif;\"><i><a href=\"http:\/\/www.seminar.hec.ulg.ac.be\/docs\/Sem02.12.18_vswaen.PDF\" target=\"_blank\" rel=\"noopener\">R\u00e9sum\u00e9<\/a><\/i><\/span><\/p>\n<p><i><span style=\"font-family: Verdana, Arial, Helvetica, sans-serif;\"><a href=\"http:\/\/www.seminar.hec.ulg.ac.be\/docs\/Sem02.12.18_vswaen.pps\" target=\"_blank\" rel=\"noopener\">Pr\u00e9sentation powerpoint<\/a><\/span><\/i><\/p><\/blockquote>\n<\/blockquote>\n<\/blockquote>\n<hr \/>\n<p><span style=\"font-family: Verdana, Arial, Helvetica, sans-serif;\"><b>ma 05\/11\/02:<\/b>\u00a0<b>S\u00e9minaire de Gestion des Ressources Humaines &#8211;\u00a0<\/b>La carri\u00e8re et ses \u00e9volutions<\/span><\/p>\n<blockquote>\n<blockquote>\n<blockquote><p><span style=\"font-family: Verdana, Arial, Helvetica, sans-serif;\"><i>Intervenante:<\/i>\u00a0St\u00e9phanie BONNIVERT, LENTIC (Laboratoire d&rsquo;\u00e9tudes sur les nouvelles technologies de l&rsquo;information, la communication, l&rsquo;innovation et le changement) &#8211; ULg<\/span><\/p>\n<p><span style=\"font-family: Verdana, Arial, Helvetica, sans-serif;\"><i>Lieu:<\/i>\u00a0S\u00e9minaire 6 (B31), 11h30-13h30<\/span><\/p>\n<p><span style=\"font-family: Verdana, Arial, Helvetica, sans-serif;\"><a href=\"http:\/\/www.seminar.hec.ulg.ac.be\/docs\/Sem02.10.05_sbonnivert.PDF\" target=\"_blank\" rel=\"noopener\"><i>Article<\/i><\/a><\/span><\/p>\n<p><i><span style=\"font-family: Verdana, Arial, Helvetica, sans-serif;\"><a href=\"http:\/\/www.seminar.hec.ulg.ac.be\/docs\/Sem02.11.05_sbonnivert.pps\" target=\"_blank\" rel=\"noopener\">Pr\u00e9sentation powerpoint<\/a><\/span><\/i><\/p><\/blockquote>\n<\/blockquote>\n<\/blockquote>\n<hr \/>\n<p><span style=\"font-family: Verdana, Arial, Helvetica, sans-serif;\"><b>me 23\/10\/02:<\/b>\u00a0<b>S\u00e9minaire de math\u00e9matiques financi\u00e8res<\/b>\u00a0&#8211; Mod\u00e9lisation de valeurs extr\u00eames<\/span><\/p>\n<blockquote>\n<blockquote>\n<blockquote><p><span style=\"font-family: Verdana, Arial, Helvetica, sans-serif;\"><i>Intervenant:<\/i>\u00a0Daniel JUSTENS, GRAFIG (Groupe de Recherche Appliqu\u00e9e en Finance et en Gestion) &#8211; Haute Ecole F. Ferrer (Institut Cooremans) &#8211; Bruxelles<\/span><\/p>\n<p><span style=\"font-family: Verdana, Arial, Helvetica, sans-serif;\"><i>Lieu:<\/i>\u00a0Salle du Conseil (B31), 12h-13h<\/span><\/p>\n<p><span style=\"font-family: Verdana, Arial, Helvetica, sans-serif;\"><i><a href=\"http:\/\/www.seminar.hec.ulg.ac.be\/docs\/Sem02.10.23_djustens.PDF\" target=\"_blank\" rel=\"noopener\">R\u00e9sum\u00e9<\/a><\/i><\/span><\/p>\n<p><i><span style=\"font-family: Verdana, Arial, Helvetica, sans-serif;\"><a href=\"http:\/\/www.seminar.hec.ulg.ac.be\/docs\/Sem02.10.23_djustens.pps\" target=\"_blank\" rel=\"noopener\">Pr\u00e9sentation powerpoint<\/a><\/span><\/i><\/p><\/blockquote>\n<\/blockquote>\n<\/blockquote>\n<hr \/>\n<p><span style=\"font-family: Verdana, Arial, Helvetica, sans-serif;\"><b>ve 04\/10\/02: S\u00e9minaire de Corporate Governance &#8211;\u00a0<\/b>Quelques rep\u00e8res pour comprendre mais surtout pr\u00e9venir l&rsquo;Enronisation des entreprises et la Messierisation de la fonction de CEO<\/span><\/p>\n<blockquote>\n<blockquote>\n<blockquote><p><span style=\"font-family: Verdana, Arial, Helvetica, sans-serif;\"><i>Intervenant:<\/i>\u00a0Fr\u00e9d\u00e9ric NLEMVO (ESC Troyes)<\/span><\/p>\n<p><span style=\"font-family: Verdana, Arial, Helvetica, sans-serif;\"><i>Lieu:<\/i>\u00a0s\u00e9minaire 6 (B31), 12h-14h<\/span><\/p>\n<p><span style=\"font-family: Verdana, Arial, Helvetica, sans-serif;\"><i><a href=\"http:\/\/www.seminar.hec.ulg.ac.be\/docs\/Sem02.10.04_flemvo.PDF\" target=\"_blank\" rel=\"noopener\">R\u00e9sum\u00e9<\/a><\/i><\/span><\/p>\n<p><i><span style=\"font-family: Verdana, Arial, Helvetica, sans-serif;\"><a href=\"http:\/\/www.seminar.hec.ulg.ac.be\/docs\/Sem02.10.04_fnlemvo.pps\" target=\"_blank\" rel=\"noopener\">Pr\u00e9sentation powerpoint<\/a><\/span><\/i><\/p>\n<p><span style=\"font-family: Verdana, Arial, Helvetica, sans-serif;\"><i>Une r\u00e9f\u00e9rence:<\/i>\u00a0J\u00e9r\u00f4me Maati, \u00ab\u00a0Le gouvernement d&rsquo;entreprise\u00a0\u00bb, 1999, De Boeck Universit\u00e9, 291p.<\/span><\/p><\/blockquote>\n<\/blockquote>\n<\/blockquote>\n<p>&nbsp;<\/p>\n<hr \/>\n<p><span style=\"font-family: Verdana, Arial, Helvetica, sans-serif;\"><b>ma 27\/08\/02: S\u00e9minaire d&rsquo;Epist\u00e9mologie<\/b>\u00a0&#8211; L&rsquo;\u00e9pist\u00e9mologie en sciences de gestion: utile ou futile?<\/span><\/p>\n<blockquote>\n<blockquote>\n<blockquote><p><span style=\"font-family: Verdana, Arial, Helvetica, sans-serif;\"><i>Intervenant:<\/i>\u00a0Fr\u00e9d\u00e9ric HESELMANS, d\u00e9partement de sociologie (ULg)<\/span><\/p>\n<p><span style=\"font-family: Verdana, Arial, Helvetica, sans-serif;\"><i>Lieu:<\/i>\u00a0s\u00e9minaire 3 (B31), 12h-14h<\/span><\/p>\n<p><span style=\"font-family: Verdana, Arial, Helvetica, sans-serif;\"><i><a href=\"http:\/\/www.seminar.hec.ulg.ac.be\/docs\/Sem02.08.27_fheselmans.pps\" target=\"_blank\" rel=\"noopener\">Pr\u00e9sentation powerpoint<\/a><\/i><\/span><\/p><\/blockquote>\n<\/blockquote>\n<\/blockquote>\n","protected":false},"excerpt":{"rendered":"<p>Programme 2002-2003 me 09\/07\/03: S\u00e9minaire de Gestion &#8211;\u00a0Publier ou P\u00e9rir?: perspectives de survie Intervenante:\u00a0Ann LANGLEY, Professeur et Directrice des programmes de M.Sc. et de Ph.D. \u00e0 HEC-Montr\u00e9al Lieu:\u00a0Salle du Conseil (B31), 9h30-12h Pr\u00e9sentation powerpoint ma 10\/06\/03: S\u00e9minaire de Finance &#8211;\u00a0Development<\/p>\n","protected":false},"author":1,"featured_media":0,"parent":21,"menu_order":0,"comment_status":"closed","ping_status":"closed","template":"","meta":{"_monsterinsights_skip_tracking":false,"_monsterinsights_sitenote_active":false,"_monsterinsights_sitenote_note":"","_monsterinsights_sitenote_category":0,"footnotes":""},"class_list":["post-28","page","type-page","status-publish","hentry"],"_links":{"self":[{"href":"http:\/\/seminar.hec.ulg.ac.be\/index.php\/wp-json\/wp\/v2\/pages\/28"}],"collection":[{"href":"http:\/\/seminar.hec.ulg.ac.be\/index.php\/wp-json\/wp\/v2\/pages"}],"about":[{"href":"http:\/\/seminar.hec.ulg.ac.be\/index.php\/wp-json\/wp\/v2\/types\/page"}],"author":[{"embeddable":true,"href":"http:\/\/seminar.hec.ulg.ac.be\/index.php\/wp-json\/wp\/v2\/users\/1"}],"replies":[{"embeddable":true,"href":"http:\/\/seminar.hec.ulg.ac.be\/index.php\/wp-json\/wp\/v2\/comments?post=28"}],"version-history":[{"count":2,"href":"http:\/\/seminar.hec.ulg.ac.be\/index.php\/wp-json\/wp\/v2\/pages\/28\/revisions"}],"predecessor-version":[{"id":30,"href":"http:\/\/seminar.hec.ulg.ac.be\/index.php\/wp-json\/wp\/v2\/pages\/28\/revisions\/30"}],"up":[{"embeddable":true,"href":"http:\/\/seminar.hec.ulg.ac.be\/index.php\/wp-json\/wp\/v2\/pages\/21"}],"wp:attachment":[{"href":"http:\/\/seminar.hec.ulg.ac.be\/index.php\/wp-json\/wp\/v2\/media?parent=28"}],"curies":[{"name":"wp","href":"https:\/\/api.w.org\/{rel}","templated":true}]}}