{"id":26,"date":"2018-04-25T12:00:13","date_gmt":"2018-04-25T10:00:13","guid":{"rendered":"http:\/\/blogs.hec.uliege.be\/~seminarwp\/?page_id=26"},"modified":"2018-04-25T12:00:13","modified_gmt":"2018-04-25T10:00:13","slug":"2001-2002","status":"publish","type":"page","link":"http:\/\/seminar.hec.ulg.ac.be\/index.php\/agenda\/2001-2002\/","title":{"rendered":"2001-2002"},"content":{"rendered":"<p align=\"center\"><span style=\"font-size: small;\"><b><span style=\"color: #ffcc66; font-family: Verdana, Arial, Helvetica, sans-serif;\">Programme 2001-2002<\/span><\/b><\/span><\/p>\n<hr \/>\n<p align=\"left\"><span style=\"font-family: Verdana, Arial, Helvetica, sans-serif;\"><b>18\/06\/02: La (premi\u00e8re) communication de la recherche &#8211;\u00a0<\/b><\/span><span style=\"font-family: Verdana, Arial, Helvetica, sans-serif;\">Pr\u00e9senter une communication \u00e0 une conf\u00e9rence scientifique: quelques conseils<\/span><\/p>\n<blockquote>\n<blockquote>\n<blockquote><p><span style=\"font-family: Verdana, Arial, Helvetica, sans-serif;\"><i>Intervenant:\u00a0<\/i>Annie CORNET et Fabrice PIRNAY(ULg)<\/span><\/p>\n<p><span style=\"font-family: Verdana, Arial, Helvetica, sans-serif;\"><i><a href=\"http:\/\/www.seminar.hec.ulg.ac.be\/docs\/Sem02.06.18_fpirnay_acornet.pps\" target=\"_blank\" rel=\"noopener\">pr\u00e9sentation powerpoint<\/a><\/i><\/span><\/p><\/blockquote>\n<\/blockquote>\n<\/blockquote>\n<hr \/>\n<p><span style=\"font-family: Verdana, Arial, Helvetica, sans-serif;\"><b>21\/05\/02: La recherche en gestion \u00e0 l&rsquo;ULg: perspective et exp\u00e9rience<\/b><\/span><\/p>\n<p><span style=\"font-family: Verdana, Arial, Helvetica, sans-serif;\">1\u00e8re partie: la carri\u00e8re du personnel scientifique et les perspectives en mati\u00e8re de recherche \u00e0 l&rsquo;ULg<\/span><\/p>\n<blockquote>\n<blockquote>\n<blockquote><p><span style=\"font-family: Verdana, Arial, Helvetica, sans-serif;\">Intervenants: Henri BORN et Georges H\u00dcBNER (ULg)<\/span><\/p>\n<p><span style=\"font-family: Verdana, Arial, Helvetica, sans-serif;\"><i><a href=\"http:\/\/www.seminar.hec.ulg.ac.be\/docs\/Sem02.05.21_hborn.pps\" target=\"_blank\" rel=\"noopener\">pr\u00e9sentation powerpoint<\/a><\/i><\/span><\/p><\/blockquote>\n<\/blockquote>\n<\/blockquote>\n<p><span style=\"font-family: Verdana, Arial, Helvetica, sans-serif;\">2\u00e8me partie: exp\u00e9rience de deux chercheurs en gestion \u00e0 l&rsquo;ULg<\/span><\/p>\n<blockquote>\n<blockquote>\n<blockquote><p><span style=\"font-family: Verdana, Arial, Helvetica, sans-serif;\"><i>Intervenants:\u00a0<\/i><\/span><span style=\"font-family: Verdana, Arial, Helvetica, sans-serif;\">V\u00e9ronique BASTIN et Fabrice PIRNAY(ULg)<\/span><\/p>\n<p><span style=\"font-family: Verdana, Arial, Helvetica, sans-serif;\"><i><a href=\"http:\/\/www.seminar.hec.ulg.ac.be\/docs\/Sem02.05.21_fpirnay_vbastin.pps\" target=\"_blank\" rel=\"noopener\">pr\u00e9sentation powerpoint<\/a><\/i><\/span><\/p><\/blockquote>\n<\/blockquote>\n<\/blockquote>\n","protected":false},"excerpt":{"rendered":"<p>Programme 2001-2002 18\/06\/02: La (premi\u00e8re) communication de la recherche &#8211;\u00a0Pr\u00e9senter une communication \u00e0 une conf\u00e9rence scientifique: quelques conseils Intervenant:\u00a0Annie CORNET et Fabrice PIRNAY(ULg) pr\u00e9sentation powerpoint 21\/05\/02: La recherche en gestion \u00e0 l&rsquo;ULg: perspective et exp\u00e9rience 1\u00e8re partie: la carri\u00e8re du<\/p>\n","protected":false},"author":1,"featured_media":0,"parent":21,"menu_order":0,"comment_status":"closed","ping_status":"closed","template":"","meta":{"_monsterinsights_skip_tracking":false,"_monsterinsights_sitenote_active":false,"_monsterinsights_sitenote_note":"","_monsterinsights_sitenote_category":0,"footnotes":""},"class_list":["post-26","page","type-page","status-publish","hentry"],"_links":{"self":[{"href":"http:\/\/seminar.hec.ulg.ac.be\/index.php\/wp-json\/wp\/v2\/pages\/26"}],"collection":[{"href":"http:\/\/seminar.hec.ulg.ac.be\/index.php\/wp-json\/wp\/v2\/pages"}],"about":[{"href":"http:\/\/seminar.hec.ulg.ac.be\/index.php\/wp-json\/wp\/v2\/types\/page"}],"author":[{"embeddable":true,"href":"http:\/\/seminar.hec.ulg.ac.be\/index.php\/wp-json\/wp\/v2\/users\/1"}],"replies":[{"embeddable":true,"href":"http:\/\/seminar.hec.ulg.ac.be\/index.php\/wp-json\/wp\/v2\/comments?post=26"}],"version-history":[{"count":1,"href":"http:\/\/seminar.hec.ulg.ac.be\/index.php\/wp-json\/wp\/v2\/pages\/26\/revisions"}],"predecessor-version":[{"id":27,"href":"http:\/\/seminar.hec.ulg.ac.be\/index.php\/wp-json\/wp\/v2\/pages\/26\/revisions\/27"}],"up":[{"embeddable":true,"href":"http:\/\/seminar.hec.ulg.ac.be\/index.php\/wp-json\/wp\/v2\/pages\/21"}],"wp:attachment":[{"href":"http:\/\/seminar.hec.ulg.ac.be\/index.php\/wp-json\/wp\/v2\/media?parent=26"}],"curies":[{"name":"wp","href":"https:\/\/api.w.org\/{rel}","templated":true}]}}